{"id":1359,"date":"2022-05-05T12:01:19","date_gmt":"2022-05-05T10:01:19","guid":{"rendered":"https:\/\/www.ildefonsoespinosa.com\/yield-register\/"},"modified":"2023-01-04T12:30:47","modified_gmt":"2023-01-04T11:30:47","slug":"yield-register","status":"publish","type":"page","link":"https:\/\/www.ildefonsoespinosa.com\/en\/yield-register\/","title":{"rendered":"Yield register"},"content":{"rendered":"\n<div class=\"wp-block-contact-form-7-contact-form-selector\">\n<div class=\"wpcf7 no-js\" id=\"wpcf7-f639-o1\" lang=\"es-ES\" dir=\"ltr\" data-wpcf7-id=\"639\">\n<div class=\"screen-reader-response\"><p role=\"status\" aria-live=\"polite\" aria-atomic=\"true\"><\/p> <ul><\/ul><\/div>\n<form action=\"\/en\/wp-json\/wp\/v2\/pages\/1359#wpcf7-f639-o1\" method=\"post\" class=\"wpcf7-form init\" aria-label=\"Formulario de contacto\" enctype=\"multipart\/form-data\" novalidate=\"novalidate\" data-status=\"init\">\n<fieldset class=\"hidden-fields-container\"><input type=\"hidden\" name=\"_wpcf7\" value=\"639\" \/><input type=\"hidden\" name=\"_wpcf7_version\" value=\"6.1.5\" \/><input type=\"hidden\" name=\"_wpcf7_locale\" value=\"es_ES\" \/><input type=\"hidden\" name=\"_wpcf7_unit_tag\" value=\"wpcf7-f639-o1\" \/><input type=\"hidden\" name=\"_wpcf7_container_post\" value=\"0\" \/><input type=\"hidden\" name=\"_wpcf7_posted_data_hash\" value=\"\" \/>\n<\/fieldset>\n<div class=\"container\">\n\t<div class=\"row align-items-center\">\n\t\t<div class=\"col-12 col-md-3\">\n\t\t\t<p><span>LABORATORIO<\/span>\n\t\t\t<\/p>\n\t\t<\/div>\n\t\t<div class=\"col-12 col-md-9\">\n\t\t<input class=\"wpcf7-form-control wpcf7-hidden\" value=\"\" type=\"hidden\" name=\"user-name\" \/>\n\t\t\t<p><label><span class=\"wpcf7-form-control-wrap\" data-name=\"laboratorios\"><select class=\"wpcf7-form-control wpcf7-select\" aria-invalid=\"false\" name=\"laboratorios\"><option value=\"Juan Antonio Tello\">Juan Antonio Tello<\/option><option value=\"Unaproliva\">Unaproliva<\/option><option value=\"CM Europa S.L.\">CM Europa S.L.<\/option><option value=\"Laboratorios del Sur G.A.R.\">Laboratorios del Sur G.A.R.<\/option><option value=\"S.L. Olivarum\">S.L. Olivarum<\/option><option value=\"Rayca\">Rayca<\/option><option value=\"Junta de Andaluc\u00eda ( Meng\u00edbar )\">Junta de Andaluc\u00eda ( Meng\u00edbar )<\/option><option value=\"Agroan\u00e1lisis\">Agroan\u00e1lisis<\/option><option value=\"Laboratorio J.L.Avil\u00e9s\">Laboratorio J.L.Avil\u00e9s<\/option><option value=\"Torredonjimeno Sdad.Coop.And. ( Torredonjimeno )\">Torredonjimeno Sdad.Coop.And. ( Torredonjimeno )<\/option><option value=\"Fumirrell, S.L.\">Fumirrell, S.L.<\/option><option value=\"otros\">otros<\/option><\/select><\/span><\/label>\n\t\t\t<\/p>\n\t\t<\/div>\n\t\t<div class=\"col-12 col-md-3\">\n\t\t\t<p><span>ITINERARIO\/CODIGO<\/span>\n\t\t\t<\/p>\n\t\t<\/div>\n\t\t<div class=\"col-12 col-md-9\">\n\t\t\t<p><label><span class=\"wpcf7-form-control-wrap\" data-name=\"itinerario\"><input class=\"wpcf7-form-control wpcf7-number wpcf7-validates-as-required wpcf7-validates-as-number\" min=\"0\" aria-required=\"true\" aria-invalid=\"false\" value=\"\" type=\"number\" name=\"itinerario\" \/><\/span><\/label>\n\t\t\t<\/p>\n\t\t<\/div>\n\t\t<div class=\"col-12 col-md-3\">\n\t\t\t<p><span>FECHA MUESTRA<\/span>\n\t\t\t<\/p>\n\t\t<\/div>\n\t\t<div class=\"col-12 col-md-9\">\n\t\t\t<p><label><span class=\"wpcf7-form-control-wrap\" data-name=\"muestra\"><input class=\"wpcf7-form-control wpcf7-date wpcf7-validates-as-required wpcf7-validates-as-date\" aria-required=\"true\" aria-invalid=\"false\" value=\"\" type=\"date\" name=\"muestra\" \/><\/span><\/label>\n\t\t\t<\/p>\n\t\t<\/div>\n\t\t<div class=\"col-12 col-md-3\">\n\t\t\t<p><span>FECHA AN\u00c1LISIS<\/span>\n\t\t\t<\/p>\n\t\t<\/div>\n\t\t<div class=\"col-12 col-md-9\">\n\t\t\t<p><label><span class=\"wpcf7-form-control-wrap\" data-name=\"analisis\"><input class=\"wpcf7-form-control wpcf7-date wpcf7-validates-as-required wpcf7-validates-as-date\" aria-required=\"true\" aria-invalid=\"false\" value=\"\" type=\"date\" name=\"analisis\" \/><\/span><\/label>\n\t\t\t<\/p>\n\t\t<\/div>\n\t\t<div class=\"col-12 col-md-3\">\n\t\t\t<p><span>RENDIMIENTO INDUSTRIAL<\/span>\n\t\t\t<\/p>\n\t\t<\/div>\n\t\t<div class=\"col-12 col-md-3\">\n\t\t\t<p><label><span class=\"wpcf7-form-control-wrap\" data-name=\"number-170\"><input class=\"wpcf7-form-control wpcf7-number wpcf7-validates-as-required wpcf7-validates-as-number\" min=\"0\" aria-required=\"true\" aria-invalid=\"false\" value=\"\" type=\"number\" name=\"number-170\" \/><\/span><\/label>\n\t\t\t<\/p>\n\t\t<\/div>\n\t\t<div class=\"col-12 col-md-1\">\n\t\t\t<p><span>%<\/span>\n\t\t\t<\/p>\n\t\t<\/div>\n\t\t<div class=\"col-12 col-md-5\">\n\t\t\t<p><label><span class=\"wpcf7-form-control-wrap\" data-name=\"checkbox-809\"><span class=\"wpcf7-form-control wpcf7-checkbox\"><span class=\"wpcf7-list-item first last\"><label><input type=\"checkbox\" name=\"checkbox-809[]\" value=\"No aparece el rendimiento industrial en el an\u00e1lisis. El dato introducido es rendimiento graso total\" \/><span class=\"wpcf7-list-item-label\">No aparece el rendimiento industrial en el an\u00e1lisis. El dato introducido es rendimiento graso total<\/span><\/label><\/span><\/span><\/span><\/label>\n\t\t\t<\/p>\n\t\t<\/div>\n\t\t<div class=\"col-12 col-md-12\">\n\t\t\t<p>Adjuntar imagen de la anal\u00edtica.<br \/>\n<label><span class=\"wpcf7-form-control-wrap\" data-name=\"adjunto\"><input size=\"40\" class=\"wpcf7-form-control wpcf7-file\" accept=\"image\/*,.txt,.docx,.doc,.xlsx,application\/pdf\" aria-invalid=\"false\" type=\"file\" name=\"adjunto\" \/><\/span><\/label>\n\t\t\t<\/p>\n\t\t<\/div>\n\t\t<div class=\"col-12 col-md-3\">\n\t\t\t<p><label><input class=\"wpcf7-form-control wpcf7-submit has-spinner\" type=\"submit\" value=\"Enviar Rendimiento\" \/><\/label>\n\t\t\t<\/p>\n\t\t<\/div>\n\t\t<div class=\"col-12 col-md-9\">\n\t\t\t<p><label><span class=\"wpcf7-form-control-wrap\" data-name=\"aceptacion\"><span class=\"wpcf7-form-control wpcf7-acceptance\"><span class=\"wpcf7-list-item\"><label><input type=\"checkbox\" name=\"aceptacion\" value=\"1\" aria-invalid=\"false\" \/><span class=\"wpcf7-list-item-label\">He le\u00eddo y acepto la  <a href=\"\/politica-privacidad\/\" target=\"_blank\">pol\u00edtica de privacidad<\/a><\/span><\/label><\/span><\/span><\/span><\/label><br \/>\n<label><span class=\"wpcf7-form-control-wrap\" data-name=\"rendimiento\"><span class=\"wpcf7-form-control wpcf7-acceptance\"><span class=\"wpcf7-list-item\"><input type=\"checkbox\" name=\"rendimiento\" value=\"1\" aria-invalid=\"false\" \/><\/span><\/span><\/span> Autorizo a la almazara a solicitar al laboratorio copia del bolet\u00edn de an\u00e1lisis con el fin de verificar los datos aportados.<\/label>\n\t\t\t<\/p>\n\t\t<\/div>\n\t<\/div>\n\t<div class=\"row\">\n\t\t<div class=\"col-12 col-md-12\">\n\t\t\t<details>\n\t\t\t\t<summary>Ver informaci\u00f3n de privacidad\n\t\t\t\t<\/summary>\n\t\t\t\t<p><br \/>\n<span style=\"color: #808080;\"><em><strong>RESPONSABLE DEL TRATAMIENTO:<\/strong><\/em> Hdros. de Ildefonso Espinosa Fern\u00e1ndez, C\/ Albercas 14, 23110 Pejalajar -Ja\u00e9n-.<br \/>\n<\/span><span style=\"color: #808080;\"><em><strong>FINALIDADES:<\/strong><\/em> ATENCI\u00d3N DE CONSULTAS, PETICIONES, COMERCIALES O NO, Y PRESUPUESTOS (APLICACI\u00d3N DE MEDIDAS PRE-CONTRACTUALES). <\/span><br \/>\n<span style=\"color: #808080;\"><em><strong>MARKETING<\/strong><\/em> (CONSENTIMIENTO)<br \/>\n<\/span><span style=\"color: #808080;\"><span style=\"color: #808080;\"><em><strong>OBLIGACI\u00d3N\u00a0DE PROPORCIONAR DATOS:<\/strong><\/em> LOS MARCADOS CON ASTERISCO<\/span><br \/>\n<\/span><span style=\"color: #808080;\"><em><strong>DESTINATARIOS:<\/strong> <\/em>NUESTROS ENCARGADOS DE TRATAMIENTO<br \/>\n<\/span><span style=\"color: #808080;\"><span style=\"color: #808080;\"><em><strong>PLAZOS DE CONSERVACI\u00d3N:<\/strong> <\/em>DOS A\u00d1OS DESDE LA RECOGIDA. PUEDE LIMITAR SUS DATOS, SI PRECISA DE ELLOS EN EL EJERCICIO DE SUS RECLAMACIONES<\/span><br \/>\n<\/span><span style=\"color: #808080;\"><em><strong>DERECHOS:<\/strong> <\/em>ACCESO, RECTIFICACI\u00d3N, SUPRESI\u00d3N, OPOSICI\u00d3N AL TRATAMIENTO, LIMITACI\u00d3N DEL TRATAMIENTO.<br \/>\n<\/span><span style=\"color: #808080;\"><em><strong>AUTORIDAD DE CONTROL:<\/strong> <\/em>AGENCIA ESPA\u00d1OLA DE PROTECCI\u00d3N DE DATOS, PARA LA PRESENTACI\u00d3N DE RECLAMACIONES<\/span>\n\t\t\t\t<\/p>\n\t\t\t<\/details>\n\t\t<\/div>\n\t<\/div>\n<input class=\"wpcf7-form-control wpcf7-hidden\" value=\"\" type=\"hidden\" name=\"tu-email\" \/>\n\t<p><span id=\"wpcf7-69f607957b1c7-wrapper\" class=\"wpcf7-form-control-wrap your-email-268-wrap\" style=\"display:none !important; visibility:hidden !important;\"><label for=\"wpcf7-69f607957b1c7-field\" class=\"hp-message\">Por favor, deja este campo vac\u00edo.<\/label><input id=\"wpcf7-69f607957b1c7-field\"  class=\"wpcf7-form-control wpcf7-text\" type=\"text\" name=\"your-email-268\" value=\"\" size=\"40\" tabindex=\"-1\" autocomplete=\"new-password\" \/><\/span>\n\t<\/p>\n<\/div><input type='hidden' class='wpcf7-pum' value='{\"closepopup\":false,\"closedelay\":0,\"openpopup\":false,\"openpopup_id\":0}' \/><div class=\"wpcf7-response-output\" aria-hidden=\"true\"><\/div>\n<\/form>\n<\/div>\n<\/div>\n","protected":false},"excerpt":{"rendered":"","protected":false},"author":1,"featured_media":0,"parent":0,"menu_order":0,"comment_status":"closed","ping_status":"closed","template":"templates\/page-privada.php","meta":{"_et_pb_use_builder":"","_et_pb_old_content":"","_et_gb_content_width":"","_joinchat":[],"footnotes":""},"class_list":["post-1359","page","type-page","status-publish","hentry"],"yoast_head":"<!-- This site is optimized with the Yoast SEO plugin v27.5 - https:\/\/yoast.com\/product\/yoast-seo-wordpress\/ -->\n<title>Yield register - Ildefonso Espinosa<\/title>\n<meta name=\"robots\" content=\"index, follow, max-snippet:-1, max-image-preview:large, max-video-preview:-1\" \/>\n<link rel=\"canonical\" href=\"https:\/\/www.ildefonsoespinosa.com\/en\/yield-register\/\" \/>\n<meta property=\"og:locale\" content=\"en_US\" \/>\n<meta property=\"og:type\" content=\"article\" \/>\n<meta property=\"og:title\" content=\"Yield register - Ildefonso Espinosa\" \/>\n<meta property=\"og:url\" content=\"https:\/\/www.ildefonsoespinosa.com\/en\/yield-register\/\" \/>\n<meta property=\"og:site_name\" content=\"Ildefonso Espinosa\" \/>\n<meta property=\"article:modified_time\" content=\"2023-01-04T11:30:47+00:00\" \/>\n<meta name=\"twitter:card\" content=\"summary_large_image\" \/>\n<script type=\"application\/ld+json\" class=\"yoast-schema-graph\">{\"@context\":\"https:\\\/\\\/schema.org\",\"@graph\":[{\"@type\":\"WebPage\",\"@id\":\"https:\\\/\\\/www.ildefonsoespinosa.com\\\/en\\\/yield-register\\\/\",\"url\":\"https:\\\/\\\/www.ildefonsoespinosa.com\\\/en\\\/yield-register\\\/\",\"name\":\"Yield register - Ildefonso Espinosa\",\"isPartOf\":{\"@id\":\"https:\\\/\\\/www.ildefonsoespinosa.com\\\/#website\"},\"datePublished\":\"2022-05-05T10:01:19+00:00\",\"dateModified\":\"2023-01-04T11:30:47+00:00\",\"breadcrumb\":{\"@id\":\"https:\\\/\\\/www.ildefonsoespinosa.com\\\/en\\\/yield-register\\\/#breadcrumb\"},\"inLanguage\":\"en-US\",\"potentialAction\":[{\"@type\":\"ReadAction\",\"target\":[\"https:\\\/\\\/www.ildefonsoespinosa.com\\\/en\\\/yield-register\\\/\"]}]},{\"@type\":\"BreadcrumbList\",\"@id\":\"https:\\\/\\\/www.ildefonsoespinosa.com\\\/en\\\/yield-register\\\/#breadcrumb\",\"itemListElement\":[{\"@type\":\"ListItem\",\"position\":1,\"name\":\"Portada\",\"item\":\"https:\\\/\\\/www.ildefonsoespinosa.com\\\/en\\\/\"},{\"@type\":\"ListItem\",\"position\":2,\"name\":\"Yield register\"}]},{\"@type\":\"WebSite\",\"@id\":\"https:\\\/\\\/www.ildefonsoespinosa.com\\\/#website\",\"url\":\"https:\\\/\\\/www.ildefonsoespinosa.com\\\/\",\"name\":\"Ildefonso Espinosa\",\"description\":\"Aceite genuino desde 1956\",\"publisher\":{\"@id\":\"https:\\\/\\\/www.ildefonsoespinosa.com\\\/#organization\"},\"potentialAction\":[{\"@type\":\"SearchAction\",\"target\":{\"@type\":\"EntryPoint\",\"urlTemplate\":\"https:\\\/\\\/www.ildefonsoespinosa.com\\\/?s={search_term_string}\"},\"query-input\":{\"@type\":\"PropertyValueSpecification\",\"valueRequired\":true,\"valueName\":\"search_term_string\"}}],\"inLanguage\":\"en-US\"},{\"@type\":\"Organization\",\"@id\":\"https:\\\/\\\/www.ildefonsoespinosa.com\\\/#organization\",\"name\":\"Ildefonso Espinosa\",\"url\":\"https:\\\/\\\/www.ildefonsoespinosa.com\\\/\",\"logo\":{\"@type\":\"ImageObject\",\"inLanguage\":\"en-US\",\"@id\":\"https:\\\/\\\/www.ildefonsoespinosa.com\\\/#\\\/schema\\\/logo\\\/image\\\/\",\"url\":\"https:\\\/\\\/www.ildefonsoespinosa.com\\\/wp-content\\\/uploads\\\/2023\\\/09\\\/cropped-Logo-vertical-sin-com-3.png\",\"contentUrl\":\"https:\\\/\\\/www.ildefonsoespinosa.com\\\/wp-content\\\/uploads\\\/2023\\\/09\\\/cropped-Logo-vertical-sin-com-3.png\",\"width\":212,\"height\":132,\"caption\":\"Ildefonso Espinosa\"},\"image\":{\"@id\":\"https:\\\/\\\/www.ildefonsoespinosa.com\\\/#\\\/schema\\\/logo\\\/image\\\/\"}}]}<\/script>\n<!-- \/ Yoast SEO plugin. -->","yoast_head_json":{"title":"Yield register - Ildefonso Espinosa","robots":{"index":"index","follow":"follow","max-snippet":"max-snippet:-1","max-image-preview":"max-image-preview:large","max-video-preview":"max-video-preview:-1"},"canonical":"https:\/\/www.ildefonsoespinosa.com\/en\/yield-register\/","og_locale":"en_US","og_type":"article","og_title":"Yield register - Ildefonso Espinosa","og_url":"https:\/\/www.ildefonsoespinosa.com\/en\/yield-register\/","og_site_name":"Ildefonso Espinosa","article_modified_time":"2023-01-04T11:30:47+00:00","twitter_card":"summary_large_image","schema":{"@context":"https:\/\/schema.org","@graph":[{"@type":"WebPage","@id":"https:\/\/www.ildefonsoespinosa.com\/en\/yield-register\/","url":"https:\/\/www.ildefonsoespinosa.com\/en\/yield-register\/","name":"Yield register - Ildefonso Espinosa","isPartOf":{"@id":"https:\/\/www.ildefonsoespinosa.com\/#website"},"datePublished":"2022-05-05T10:01:19+00:00","dateModified":"2023-01-04T11:30:47+00:00","breadcrumb":{"@id":"https:\/\/www.ildefonsoespinosa.com\/en\/yield-register\/#breadcrumb"},"inLanguage":"en-US","potentialAction":[{"@type":"ReadAction","target":["https:\/\/www.ildefonsoespinosa.com\/en\/yield-register\/"]}]},{"@type":"BreadcrumbList","@id":"https:\/\/www.ildefonsoespinosa.com\/en\/yield-register\/#breadcrumb","itemListElement":[{"@type":"ListItem","position":1,"name":"Portada","item":"https:\/\/www.ildefonsoespinosa.com\/en\/"},{"@type":"ListItem","position":2,"name":"Yield register"}]},{"@type":"WebSite","@id":"https:\/\/www.ildefonsoespinosa.com\/#website","url":"https:\/\/www.ildefonsoespinosa.com\/","name":"Ildefonso Espinosa","description":"Aceite genuino desde 1956","publisher":{"@id":"https:\/\/www.ildefonsoespinosa.com\/#organization"},"potentialAction":[{"@type":"SearchAction","target":{"@type":"EntryPoint","urlTemplate":"https:\/\/www.ildefonsoespinosa.com\/?s={search_term_string}"},"query-input":{"@type":"PropertyValueSpecification","valueRequired":true,"valueName":"search_term_string"}}],"inLanguage":"en-US"},{"@type":"Organization","@id":"https:\/\/www.ildefonsoespinosa.com\/#organization","name":"Ildefonso Espinosa","url":"https:\/\/www.ildefonsoespinosa.com\/","logo":{"@type":"ImageObject","inLanguage":"en-US","@id":"https:\/\/www.ildefonsoespinosa.com\/#\/schema\/logo\/image\/","url":"https:\/\/www.ildefonsoespinosa.com\/wp-content\/uploads\/2023\/09\/cropped-Logo-vertical-sin-com-3.png","contentUrl":"https:\/\/www.ildefonsoespinosa.com\/wp-content\/uploads\/2023\/09\/cropped-Logo-vertical-sin-com-3.png","width":212,"height":132,"caption":"Ildefonso Espinosa"},"image":{"@id":"https:\/\/www.ildefonsoespinosa.com\/#\/schema\/logo\/image\/"}}]}},"_links":{"self":[{"href":"https:\/\/www.ildefonsoespinosa.com\/en\/wp-json\/wp\/v2\/pages\/1359","targetHints":{"allow":["GET"]}}],"collection":[{"href":"https:\/\/www.ildefonsoespinosa.com\/en\/wp-json\/wp\/v2\/pages"}],"about":[{"href":"https:\/\/www.ildefonsoespinosa.com\/en\/wp-json\/wp\/v2\/types\/page"}],"author":[{"embeddable":true,"href":"https:\/\/www.ildefonsoespinosa.com\/en\/wp-json\/wp\/v2\/users\/1"}],"replies":[{"embeddable":true,"href":"https:\/\/www.ildefonsoespinosa.com\/en\/wp-json\/wp\/v2\/comments?post=1359"}],"version-history":[{"count":1,"href":"https:\/\/www.ildefonsoespinosa.com\/en\/wp-json\/wp\/v2\/pages\/1359\/revisions"}],"predecessor-version":[{"id":1360,"href":"https:\/\/www.ildefonsoespinosa.com\/en\/wp-json\/wp\/v2\/pages\/1359\/revisions\/1360"}],"wp:attachment":[{"href":"https:\/\/www.ildefonsoespinosa.com\/en\/wp-json\/wp\/v2\/media?parent=1359"}],"curies":[{"name":"wp","href":"https:\/\/api.w.org\/{rel}","templated":true}]}}