{"id":725,"date":"2022-08-02T12:38:32","date_gmt":"2022-08-02T10:38:32","guid":{"rendered":"https:\/\/www.ildefonsoespinosa.com\/?post_type=product&#038;p=725"},"modified":"2025-10-21T10:49:48","modified_gmt":"2025-10-21T08:49:48","slug":"caja-3x2l-aove-no7-temprano-copia","status":"publish","type":"product","link":"https:\/\/www.ildefonsoespinosa.com\/en\/tienda\/caja-3x2l-aove-no7-temprano-copia\/","title":{"rendered":"CAJA 3x2L AOVE N\u00ba7 DO TEMPRANO NUEVA COSECHA 25\/26"},"content":{"rendered":"<p><strong>NOTA DE CATA:\u00a0<\/strong>Es un aceite de oliva de un color verde intenso, precioso. En boca intenso, sabor afrutado con ligero picante que desaparece en boca. Su aroma espectacular en el que podemos distinguir notas de tomate maduro con matices de pepita verde y hoja de higuera. Aroma frutado que atrapa<\/p>\n<p><strong>MARIDAJE:<\/strong>\u00a0Es un aceite ideal tanto para utilizar con pastas, verduras a la parrilla, pescados a la parrilla y delicioso con huevos y patatas.<\/p>\n","protected":false},"excerpt":{"rendered":"<p>Caja con 3 botellas de 2L. de <strong>AOVE temprano<\/strong> \u00a0de la variedad <strong>Picual<\/strong>.<\/p>\n<p>Nuestro primer y mejor aceite. Elaborado a partir de aceituna temprana de la variedad picual procedente de una selecci\u00f3n de parajes y fincas singulares ubicados en el parque natural de Sierra M\u00e1gina (Ja\u00e9n). La recolecci\u00f3n se efect\u00faa al amanecer durante el mes de octubre mediante t\u00e9cnicas totalmente artesanales. Elaborado en fr\u00edo y con todo nuestro esmero para ti.<\/p>\n<p>Con la garant\u00eda de origen y calidad de la\u00a0<strong><a href=\"https:\/\/sierramagina.org\/\"><em>Denominaci\u00f3n de Origen Sierra M\u00e1gina<\/em><\/a><\/strong>.<\/p>\n<p>Todo un placer para la vista y el paladar, sin duda, un Gran Aceite para degustar en crudo.<\/p>\n","protected":false},"featured_media":3340,"comment_status":"closed","ping_status":"closed","template":"","meta":{"_et_pb_use_builder":"","_et_pb_old_content":"","_et_gb_content_width":"","_joinchat":[]},"product_brand":[],"product_cat":[21],"product_tag":[],"class_list":{"0":"post-725","1":"product","2":"type-product","3":"status-publish","4":"has-post-thumbnail","6":"product_cat-aove-no7-temprano","8":"first","9":"instock","10":"taxable","11":"shipping-taxable","12":"purchasable","13":"product-type-simple"},"yoast_head":"<!-- This site is optimized with the Yoast SEO plugin v27.4 - https:\/\/yoast.com\/product\/yoast-seo-wordpress\/ -->\n<title>CAJA 3x2L AOVE N\u00ba7 DO TEMPRANO NUEVA COSECHA 25\/26 - Ildefonso Espinosa<\/title>\n<meta name=\"robots\" content=\"index, follow, max-snippet:-1, max-image-preview:large, max-video-preview:-1\" \/>\n<link rel=\"canonical\" href=\"https:\/\/www.ildefonsoespinosa.com\/tienda\/caja-3x2l-aove-no7-temprano-copia\/\" \/>\n<meta property=\"og:locale\" content=\"en_US\" \/>\n<meta property=\"og:type\" content=\"article\" \/>\n<meta property=\"og:title\" content=\"CAJA 3x2L AOVE N\u00ba7 DO TEMPRANO NUEVA COSECHA 25\/26 - Ildefonso Espinosa\" \/>\n<meta property=\"og:description\" content=\"Caja con 3 botellas de 2L. de AOVE temprano \u00a0de la variedad Picual.  Nuestro primer y mejor aceite. Elaborado a partir de aceituna temprana de la variedad picual procedente de una selecci\u00f3n de parajes y fincas singulares ubicados en el parque natural de Sierra M\u00e1gina (Ja\u00e9n). La recolecci\u00f3n se efect\u00faa al amanecer durante el mes de octubre mediante t\u00e9cnicas totalmente artesanales. Elaborado en fr\u00edo y con todo nuestro esmero para ti.  Con la garant\u00eda de origen y calidad de la\u00a0Denominaci\u00f3n de Origen Sierra M\u00e1gina.  Todo un placer para la vista y el paladar, sin duda, un Gran Aceite para degustar en crudo.\" \/>\n<meta property=\"og:url\" content=\"https:\/\/www.ildefonsoespinosa.com\/tienda\/caja-3x2l-aove-no7-temprano-copia\/\" \/>\n<meta property=\"og:site_name\" content=\"Ildefonso Espinosa\" \/>\n<meta property=\"article:modified_time\" content=\"2025-10-21T08:49:48+00:00\" \/>\n<meta property=\"og:image\" content=\"https:\/\/www.ildefonsoespinosa.com\/wp-content\/uploads\/2022\/08\/2L-DO-2526.png\" \/>\n\t<meta property=\"og:image:width\" content=\"1859\" \/>\n\t<meta property=\"og:image:height\" content=\"1858\" \/>\n\t<meta property=\"og:image:type\" content=\"image\/png\" \/>\n<meta name=\"twitter:card\" content=\"summary_large_image\" \/>\n<script type=\"application\/ld+json\" class=\"yoast-schema-graph\">{\"@context\":\"https:\\\/\\\/schema.org\",\"@graph\":[{\"@type\":\"WebPage\",\"@id\":\"https:\\\/\\\/www.ildefonsoespinosa.com\\\/tienda\\\/caja-3x2l-aove-no7-temprano-copia\\\/\",\"url\":\"https:\\\/\\\/www.ildefonsoespinosa.com\\\/tienda\\\/caja-3x2l-aove-no7-temprano-copia\\\/\",\"name\":\"CAJA 3x2L AOVE N\u00ba7 DO TEMPRANO NUEVA COSECHA 25\\\/26 - Ildefonso Espinosa\",\"isPartOf\":{\"@id\":\"https:\\\/\\\/www.ildefonsoespinosa.com\\\/#website\"},\"primaryImageOfPage\":{\"@id\":\"https:\\\/\\\/www.ildefonsoespinosa.com\\\/tienda\\\/caja-3x2l-aove-no7-temprano-copia\\\/#primaryimage\"},\"image\":{\"@id\":\"https:\\\/\\\/www.ildefonsoespinosa.com\\\/tienda\\\/caja-3x2l-aove-no7-temprano-copia\\\/#primaryimage\"},\"thumbnailUrl\":\"https:\\\/\\\/www.ildefonsoespinosa.com\\\/wp-content\\\/uploads\\\/2022\\\/08\\\/2L-DO-2526.png\",\"datePublished\":\"2022-08-02T10:38:32+00:00\",\"dateModified\":\"2025-10-21T08:49:48+00:00\",\"breadcrumb\":{\"@id\":\"https:\\\/\\\/www.ildefonsoespinosa.com\\\/tienda\\\/caja-3x2l-aove-no7-temprano-copia\\\/#breadcrumb\"},\"inLanguage\":\"en-US\",\"potentialAction\":[{\"@type\":\"ReadAction\",\"target\":[\"https:\\\/\\\/www.ildefonsoespinosa.com\\\/tienda\\\/caja-3x2l-aove-no7-temprano-copia\\\/\"]}]},{\"@type\":\"ImageObject\",\"inLanguage\":\"en-US\",\"@id\":\"https:\\\/\\\/www.ildefonsoespinosa.com\\\/tienda\\\/caja-3x2l-aove-no7-temprano-copia\\\/#primaryimage\",\"url\":\"https:\\\/\\\/www.ildefonsoespinosa.com\\\/wp-content\\\/uploads\\\/2022\\\/08\\\/2L-DO-2526.png\",\"contentUrl\":\"https:\\\/\\\/www.ildefonsoespinosa.com\\\/wp-content\\\/uploads\\\/2022\\\/08\\\/2L-DO-2526.png\",\"width\":1859,\"height\":1858},{\"@type\":\"BreadcrumbList\",\"@id\":\"https:\\\/\\\/www.ildefonsoespinosa.com\\\/tienda\\\/caja-3x2l-aove-no7-temprano-copia\\\/#breadcrumb\",\"itemListElement\":[{\"@type\":\"ListItem\",\"position\":1,\"name\":\"Portada\",\"item\":\"https:\\\/\\\/www.ildefonsoespinosa.com\\\/en\\\/\"},{\"@type\":\"ListItem\",\"position\":2,\"name\":\"Shop\",\"item\":\"https:\\\/\\\/www.ildefonsoespinosa.com\\\/en\\\/shop\\\/\"},{\"@type\":\"ListItem\",\"position\":3,\"name\":\"CAJA 3x2L AOVE N\u00ba7 DO TEMPRANO NUEVA COSECHA 25\\\/26\"}]},{\"@type\":\"WebSite\",\"@id\":\"https:\\\/\\\/www.ildefonsoespinosa.com\\\/#website\",\"url\":\"https:\\\/\\\/www.ildefonsoespinosa.com\\\/\",\"name\":\"Ildefonso Espinosa\",\"description\":\"Aceite genuino desde 1956\",\"publisher\":{\"@id\":\"https:\\\/\\\/www.ildefonsoespinosa.com\\\/#organization\"},\"potentialAction\":[{\"@type\":\"SearchAction\",\"target\":{\"@type\":\"EntryPoint\",\"urlTemplate\":\"https:\\\/\\\/www.ildefonsoespinosa.com\\\/?s={search_term_string}\"},\"query-input\":{\"@type\":\"PropertyValueSpecification\",\"valueRequired\":true,\"valueName\":\"search_term_string\"}}],\"inLanguage\":\"en-US\"},{\"@type\":\"Organization\",\"@id\":\"https:\\\/\\\/www.ildefonsoespinosa.com\\\/#organization\",\"name\":\"Ildefonso Espinosa\",\"url\":\"https:\\\/\\\/www.ildefonsoespinosa.com\\\/\",\"logo\":{\"@type\":\"ImageObject\",\"inLanguage\":\"en-US\",\"@id\":\"https:\\\/\\\/www.ildefonsoespinosa.com\\\/#\\\/schema\\\/logo\\\/image\\\/\",\"url\":\"https:\\\/\\\/www.ildefonsoespinosa.com\\\/wp-content\\\/uploads\\\/2023\\\/09\\\/cropped-Logo-vertical-sin-com-3.png\",\"contentUrl\":\"https:\\\/\\\/www.ildefonsoespinosa.com\\\/wp-content\\\/uploads\\\/2023\\\/09\\\/cropped-Logo-vertical-sin-com-3.png\",\"width\":212,\"height\":132,\"caption\":\"Ildefonso Espinosa\"},\"image\":{\"@id\":\"https:\\\/\\\/www.ildefonsoespinosa.com\\\/#\\\/schema\\\/logo\\\/image\\\/\"}}]}<\/script>\n<!-- \/ Yoast SEO plugin. -->","yoast_head_json":{"title":"CAJA 3x2L AOVE N\u00ba7 DO TEMPRANO NUEVA COSECHA 25\/26 - Ildefonso Espinosa","robots":{"index":"index","follow":"follow","max-snippet":"max-snippet:-1","max-image-preview":"max-image-preview:large","max-video-preview":"max-video-preview:-1"},"canonical":"https:\/\/www.ildefonsoespinosa.com\/tienda\/caja-3x2l-aove-no7-temprano-copia\/","og_locale":"en_US","og_type":"article","og_title":"CAJA 3x2L AOVE N\u00ba7 DO TEMPRANO NUEVA COSECHA 25\/26 - Ildefonso Espinosa","og_description":"Caja con 3 botellas de 2L. de AOVE temprano \u00a0de la variedad Picual.  Nuestro primer y mejor aceite. Elaborado a partir de aceituna temprana de la variedad picual procedente de una selecci\u00f3n de parajes y fincas singulares ubicados en el parque natural de Sierra M\u00e1gina (Ja\u00e9n). La recolecci\u00f3n se efect\u00faa al amanecer durante el mes de octubre mediante t\u00e9cnicas totalmente artesanales. Elaborado en fr\u00edo y con todo nuestro esmero para ti.  Con la garant\u00eda de origen y calidad de la\u00a0Denominaci\u00f3n de Origen Sierra M\u00e1gina.  Todo un placer para la vista y el paladar, sin duda, un Gran Aceite para degustar en crudo.","og_url":"https:\/\/www.ildefonsoespinosa.com\/tienda\/caja-3x2l-aove-no7-temprano-copia\/","og_site_name":"Ildefonso Espinosa","article_modified_time":"2025-10-21T08:49:48+00:00","og_image":[{"width":1859,"height":1858,"url":"https:\/\/www.ildefonsoespinosa.com\/wp-content\/uploads\/2022\/08\/2L-DO-2526.png","type":"image\/png"}],"twitter_card":"summary_large_image","schema":{"@context":"https:\/\/schema.org","@graph":[{"@type":"WebPage","@id":"https:\/\/www.ildefonsoespinosa.com\/tienda\/caja-3x2l-aove-no7-temprano-copia\/","url":"https:\/\/www.ildefonsoespinosa.com\/tienda\/caja-3x2l-aove-no7-temprano-copia\/","name":"CAJA 3x2L AOVE N\u00ba7 DO TEMPRANO NUEVA COSECHA 25\/26 - Ildefonso Espinosa","isPartOf":{"@id":"https:\/\/www.ildefonsoespinosa.com\/#website"},"primaryImageOfPage":{"@id":"https:\/\/www.ildefonsoespinosa.com\/tienda\/caja-3x2l-aove-no7-temprano-copia\/#primaryimage"},"image":{"@id":"https:\/\/www.ildefonsoespinosa.com\/tienda\/caja-3x2l-aove-no7-temprano-copia\/#primaryimage"},"thumbnailUrl":"https:\/\/www.ildefonsoespinosa.com\/wp-content\/uploads\/2022\/08\/2L-DO-2526.png","datePublished":"2022-08-02T10:38:32+00:00","dateModified":"2025-10-21T08:49:48+00:00","breadcrumb":{"@id":"https:\/\/www.ildefonsoespinosa.com\/tienda\/caja-3x2l-aove-no7-temprano-copia\/#breadcrumb"},"inLanguage":"en-US","potentialAction":[{"@type":"ReadAction","target":["https:\/\/www.ildefonsoespinosa.com\/tienda\/caja-3x2l-aove-no7-temprano-copia\/"]}]},{"@type":"ImageObject","inLanguage":"en-US","@id":"https:\/\/www.ildefonsoespinosa.com\/tienda\/caja-3x2l-aove-no7-temprano-copia\/#primaryimage","url":"https:\/\/www.ildefonsoespinosa.com\/wp-content\/uploads\/2022\/08\/2L-DO-2526.png","contentUrl":"https:\/\/www.ildefonsoespinosa.com\/wp-content\/uploads\/2022\/08\/2L-DO-2526.png","width":1859,"height":1858},{"@type":"BreadcrumbList","@id":"https:\/\/www.ildefonsoespinosa.com\/tienda\/caja-3x2l-aove-no7-temprano-copia\/#breadcrumb","itemListElement":[{"@type":"ListItem","position":1,"name":"Portada","item":"https:\/\/www.ildefonsoespinosa.com\/en\/"},{"@type":"ListItem","position":2,"name":"Shop","item":"https:\/\/www.ildefonsoespinosa.com\/en\/shop\/"},{"@type":"ListItem","position":3,"name":"CAJA 3x2L AOVE N\u00ba7 DO TEMPRANO NUEVA COSECHA 25\/26"}]},{"@type":"WebSite","@id":"https:\/\/www.ildefonsoespinosa.com\/#website","url":"https:\/\/www.ildefonsoespinosa.com\/","name":"Ildefonso Espinosa","description":"Aceite genuino desde 1956","publisher":{"@id":"https:\/\/www.ildefonsoespinosa.com\/#organization"},"potentialAction":[{"@type":"SearchAction","target":{"@type":"EntryPoint","urlTemplate":"https:\/\/www.ildefonsoespinosa.com\/?s={search_term_string}"},"query-input":{"@type":"PropertyValueSpecification","valueRequired":true,"valueName":"search_term_string"}}],"inLanguage":"en-US"},{"@type":"Organization","@id":"https:\/\/www.ildefonsoespinosa.com\/#organization","name":"Ildefonso Espinosa","url":"https:\/\/www.ildefonsoespinosa.com\/","logo":{"@type":"ImageObject","inLanguage":"en-US","@id":"https:\/\/www.ildefonsoespinosa.com\/#\/schema\/logo\/image\/","url":"https:\/\/www.ildefonsoespinosa.com\/wp-content\/uploads\/2023\/09\/cropped-Logo-vertical-sin-com-3.png","contentUrl":"https:\/\/www.ildefonsoespinosa.com\/wp-content\/uploads\/2023\/09\/cropped-Logo-vertical-sin-com-3.png","width":212,"height":132,"caption":"Ildefonso Espinosa"},"image":{"@id":"https:\/\/www.ildefonsoespinosa.com\/#\/schema\/logo\/image\/"}}]}},"_links":{"self":[{"href":"https:\/\/www.ildefonsoespinosa.com\/en\/wp-json\/wp\/v2\/product\/725","targetHints":{"allow":["GET"]}}],"collection":[{"href":"https:\/\/www.ildefonsoespinosa.com\/en\/wp-json\/wp\/v2\/product"}],"about":[{"href":"https:\/\/www.ildefonsoespinosa.com\/en\/wp-json\/wp\/v2\/types\/product"}],"replies":[{"embeddable":true,"href":"https:\/\/www.ildefonsoespinosa.com\/en\/wp-json\/wp\/v2\/comments?post=725"}],"wp:featuredmedia":[{"embeddable":true,"href":"https:\/\/www.ildefonsoespinosa.com\/en\/wp-json\/wp\/v2\/media\/3340"}],"wp:attachment":[{"href":"https:\/\/www.ildefonsoespinosa.com\/en\/wp-json\/wp\/v2\/media?parent=725"}],"wp:term":[{"taxonomy":"product_brand","embeddable":true,"href":"https:\/\/www.ildefonsoespinosa.com\/en\/wp-json\/wp\/v2\/product_brand?post=725"},{"taxonomy":"product_cat","embeddable":true,"href":"https:\/\/www.ildefonsoespinosa.com\/en\/wp-json\/wp\/v2\/product_cat?post=725"},{"taxonomy":"product_tag","embeddable":true,"href":"https:\/\/www.ildefonsoespinosa.com\/en\/wp-json\/wp\/v2\/product_tag?post=725"}],"curies":[{"name":"wp","href":"https:\/\/api.w.org\/{rel}","templated":true}]}}