{"id":1414,"date":"2021-11-25T12:48:38","date_gmt":"2021-11-25T11:48:38","guid":{"rendered":"https:\/\/www.ildefonsoespinosa.com\/nos-huiles\/"},"modified":"2023-01-09T09:51:29","modified_gmt":"2023-01-09T08:51:29","slug":"nos-huiles","status":"publish","type":"page","link":"https:\/\/www.ildefonsoespinosa.com\/fr\/nos-huiles\/","title":{"rendered":"Nos huiles"},"content":{"rendered":"\n<div class=\"wp-block-columns are-vertically-aligned-center is-layout-flex wp-container-core-columns-is-layout-28f84493 wp-block-columns-is-layout-flex\">\n<div class=\"wp-block-column is-vertically-aligned-center is-layout-flow wp-block-column-is-layout-flow\"><div class=\"wp-block-image\">\n<figure class=\"aligncenter size-large is-resized\"><img loading=\"lazy\" decoding=\"async\" src=\"https:\/\/www.ildefonsoespinosa.com\/wp-content\/uploads\/2021\/11\/Botella-500ml_n7_cuadrada-1024x1024.jpg\" alt=\"\" class=\"wp-image-210\" width=\"512\" height=\"512\" srcset=\"https:\/\/www.ildefonsoespinosa.com\/wp-content\/uploads\/2021\/11\/Botella-500ml_n7_cuadrada-1024x1024.jpg 1024w, https:\/\/www.ildefonsoespinosa.com\/wp-content\/uploads\/2021\/11\/Botella-500ml_n7_cuadrada-300x300.jpg 300w, https:\/\/www.ildefonsoespinosa.com\/wp-content\/uploads\/2021\/11\/Botella-500ml_n7_cuadrada-150x150.jpg 150w, https:\/\/www.ildefonsoespinosa.com\/wp-content\/uploads\/2021\/11\/Botella-500ml_n7_cuadrada-768x768.jpg 768w, https:\/\/www.ildefonsoespinosa.com\/wp-content\/uploads\/2021\/11\/Botella-500ml_n7_cuadrada-1536x1536.jpg 1536w, https:\/\/www.ildefonsoespinosa.com\/wp-content\/uploads\/2021\/11\/Botella-500ml_n7_cuadrada-2048x2048.jpg 2048w, https:\/\/www.ildefonsoespinosa.com\/wp-content\/uploads\/2021\/11\/Botella-500ml_n7_cuadrada-324x324.jpg 324w, https:\/\/www.ildefonsoespinosa.com\/wp-content\/uploads\/2021\/11\/Botella-500ml_n7_cuadrada-416x416.jpg 416w, https:\/\/www.ildefonsoespinosa.com\/wp-content\/uploads\/2021\/11\/Botella-500ml_n7_cuadrada-100x100.jpg 100w\" sizes=\"auto, (max-width: 512px) 100vw, 512px\" \/><\/figure>\n<\/div><\/div>\n\n\n\n<div class=\"wp-block-column is-vertically-aligned-center is-layout-flow wp-block-column-is-layout-flow\">\n<h2 class=\"wp-block-heading\" id=\"aove-n&#xBA;7-temprano\"><strong>AOVE N\u00ba7 EARLY<\/strong><\/h2>\n\n\n\n<p><strong>Ar\u00f4me vert intense, beau et fruit\u00e9 qui attire le regard.<\/strong>.<\/p>\n\n\n\n<p><strong>DESCRIPTION<\/strong><br\/>Huile \u00e9labor\u00e9e \u00e0 partir d&rsquo;olives Picual p<strong>r\u00e9coces<\/strong> provenant d&rsquo;une <strong>s\u00e9lection de sites et de domaines<\/strong> uniques en raison de leur emplacement et du type d&rsquo;oliveraie. Il est r\u00e9colt\u00e9 \u00e0 l&rsquo;aube du mois d&rsquo;<strong>octobre<\/strong> selon des <strong>techniques traditionnelles<\/strong>. <strong>Fait \u00e0 froid<\/strong> et avec tous nos soins.<\/p>\n\n\n\n<p><strong>NOTE DE D\u00c9GUSTATION<\/strong><br\/>Sa belle couleur <strong>verte intense<\/strong> est frappante, ainsi que son <strong>ar\u00f4me spectaculair<\/strong>e, dans lequel on peut distinguer des notes de tomate m\u00fbre avec des nuances de graine verte et de feuille de figuier. Intense en bouche, formant un film qui vous fait appr\u00e9cier sa l\u00e9g\u00e8re amertume caract\u00e9ristique, mais endurante, tout en \u00e9tant d\u00e9licate. Un plaisir pour les yeux et le palais, sans aucun doute, <strong>une grande huile \u00e0 d\u00e9guster crue.<\/strong><\/p>\n\n\n\n<div class=\"wp-block-buttons is-layout-flex wp-block-buttons-is-layout-flex\">\n<div class=\"wp-block-button\"><a class=\"wp-block-button__link has-black-color has-text-color has-background\" href=\"https:\/\/www.ildefonsoespinosa.com\/categoria\/aove-no7-temprano\/\" style=\"background-color:#fff200\">ACHETEZ<\/a><\/div>\n<\/div>\n<\/div>\n<\/div>\n\n<div class=\"wp-block-columns are-vertically-aligned-center is-layout-flex wp-container-core-columns-is-layout-28f84493 wp-block-columns-is-layout-flex\">\n<div class=\"wp-block-column is-vertically-aligned-center is-layout-flow wp-block-column-is-layout-flow\">\n<h2 class=\"wp-block-heading\" id=\"aove-n&#xBA;3-envero\"><strong>AOVE N\u00ba3 VERAISON<\/strong><\/h2>\n\n\n\n<p><strong>\u00c9quilibr\u00e9 avec un ar\u00f4me frais et d\u00e9licat. Remarquable.<\/strong><\/p>\n\n\n\n<p><strong>DESCRIPTION<\/strong><br\/>Huile \u00e9labor\u00e9e \u00e0 partir d&rsquo;olives Picual en <strong>v\u00e9raison<\/strong> r\u00e9colt\u00e9es par une s\u00e9lection d&rsquo;agriculteurs de mani\u00e8re traditionnelle au cours du mois de <strong>novembre<\/strong>. Fabriqu\u00e9 \u00e0 froid et dans le respect de nos plus <strong>anciennes techniques familiales<\/strong>.<\/p>\n\n\n\n<p>A utiliser <strong>crue, dans les rago\u00fbts et les fritures<\/strong>, en apportant ce point de distinction d&rsquo;une huile magnifique.<\/p>\n\n\n\n<div class=\"wp-block-buttons is-layout-flex wp-block-buttons-is-layout-flex\">\n<div class=\"wp-block-button\"><a class=\"wp-block-button__link has-black-color has-text-color has-background\" href=\"https:\/\/www.ildefonsoespinosa.com\/categoria\/aove-no3-envero\/\" style=\"background-color:#fff200\">ACHETEZ<\/a><\/div>\n<\/div>\n<\/div>\n\n\n\n<div class=\"wp-block-column is-vertically-aligned-center is-layout-flow wp-block-column-is-layout-flow\">\n<figure class=\"wp-block-image size-large is-resized\"><img loading=\"lazy\" decoding=\"async\" src=\"https:\/\/www.ildefonsoespinosa.com\/wp-content\/uploads\/2021\/11\/Botella-500ml_n3_cuadrada-1024x1024.jpg\" alt=\"\" class=\"wp-image-209\" width=\"512\" height=\"512\" srcset=\"https:\/\/www.ildefonsoespinosa.com\/wp-content\/uploads\/2021\/11\/Botella-500ml_n3_cuadrada-1024x1024.jpg 1024w, https:\/\/www.ildefonsoespinosa.com\/wp-content\/uploads\/2021\/11\/Botella-500ml_n3_cuadrada-300x300.jpg 300w, https:\/\/www.ildefonsoespinosa.com\/wp-content\/uploads\/2021\/11\/Botella-500ml_n3_cuadrada-150x150.jpg 150w, https:\/\/www.ildefonsoespinosa.com\/wp-content\/uploads\/2021\/11\/Botella-500ml_n3_cuadrada-768x768.jpg 768w, https:\/\/www.ildefonsoespinosa.com\/wp-content\/uploads\/2021\/11\/Botella-500ml_n3_cuadrada-1536x1536.jpg 1536w, https:\/\/www.ildefonsoespinosa.com\/wp-content\/uploads\/2021\/11\/Botella-500ml_n3_cuadrada-2048x2048.jpg 2048w, https:\/\/www.ildefonsoespinosa.com\/wp-content\/uploads\/2021\/11\/Botella-500ml_n3_cuadrada-324x324.jpg 324w, https:\/\/www.ildefonsoespinosa.com\/wp-content\/uploads\/2021\/11\/Botella-500ml_n3_cuadrada-416x416.jpg 416w, https:\/\/www.ildefonsoespinosa.com\/wp-content\/uploads\/2021\/11\/Botella-500ml_n3_cuadrada-100x100.jpg 100w\" sizes=\"auto, (max-width: 512px) 100vw, 512px\" \/><\/figure>\n<\/div>\n<\/div>\n\n<div class=\"wp-block-columns are-vertically-aligned-center is-layout-flex wp-container-core-columns-is-layout-28f84493 wp-block-columns-is-layout-flex\">\n<div class=\"wp-block-column is-vertically-aligned-center is-layout-flow wp-block-column-is-layout-flow\">\n<figure class=\"wp-block-image size-large\"><img loading=\"lazy\" decoding=\"async\" width=\"1024\" height=\"1024\" src=\"https:\/\/www.ildefonsoespinosa.com\/wp-content\/uploads\/2022\/01\/5-L-PET_Arbequina-1024x1024.jpg\" alt=\"\" class=\"wp-image-442\" srcset=\"https:\/\/www.ildefonsoespinosa.com\/wp-content\/uploads\/2022\/01\/5-L-PET_Arbequina-1024x1024.jpg 1024w, https:\/\/www.ildefonsoespinosa.com\/wp-content\/uploads\/2022\/01\/5-L-PET_Arbequina-300x300.jpg 300w, https:\/\/www.ildefonsoespinosa.com\/wp-content\/uploads\/2022\/01\/5-L-PET_Arbequina-150x150.jpg 150w, https:\/\/www.ildefonsoespinosa.com\/wp-content\/uploads\/2022\/01\/5-L-PET_Arbequina-768x768.jpg 768w, https:\/\/www.ildefonsoespinosa.com\/wp-content\/uploads\/2022\/01\/5-L-PET_Arbequina-324x324.jpg 324w, https:\/\/www.ildefonsoespinosa.com\/wp-content\/uploads\/2022\/01\/5-L-PET_Arbequina-416x416.jpg 416w, https:\/\/www.ildefonsoespinosa.com\/wp-content\/uploads\/2022\/01\/5-L-PET_Arbequina-100x100.jpg 100w, https:\/\/www.ildefonsoespinosa.com\/wp-content\/uploads\/2022\/01\/5-L-PET_Arbequina.jpg 1087w\" sizes=\"auto, (max-width: 1024px) 100vw, 1024px\" \/><\/figure>\n<\/div>\n\n\n\n<div class=\"wp-block-column is-vertically-aligned-center is-layout-flow wp-block-column-is-layout-flow\">\n<h2 class=\"wp-block-heading\"><strong>ARBEQUINA EVOO<\/strong><\/h2>\n\n\n\n<p>La vari\u00e9t\u00e9 <strong>Arbequina<\/strong> est originaire de Catalogne et porte le nom du village d&rsquo;Arbeca (L\u00e9rida), bien qu&rsquo;elle soit actuellement r\u00e9pandue en Espagne, \u00e9tant commune dans les champs d&rsquo;Andalousie.<\/p>\n\n\n\n<p>Tr\u00e8s aromatique, fruit\u00e9, doux, avec des caract\u00e9ristiques si harmonieuses que les saveurs am\u00e8res ou \u00e9pic\u00e9es sont \u00e0 peine perceptibles. D&rsquo;autre part, la touche fruit\u00e9e de l&rsquo;huile, de la banane et m\u00eame de la pomme est perceptible.<\/p>\n\n\n\n<p>Polyvalent dans la cuisine, id\u00e9al pour le riz, le poisson, les sauces ou les cr\u00e8mes, m\u00eame pour la cuisson.<\/p>\n\n\n\n<div class=\"wp-block-buttons is-layout-flex wp-block-buttons-is-layout-flex\">\n<div class=\"wp-block-button\"><a class=\"wp-block-button__link has-black-color has-text-color has-background\" href=\"https:\/\/www.ildefonsoespinosa.com\/tienda\/caja-3x5l-aove-arbequina\/\" style=\"background-color:#fff200\">ACHETEZ<\/a><\/div>\n<\/div>\n<\/div>\n<\/div>\n\n<div class=\"wp-block-columns is-layout-flex wp-container-core-columns-is-layout-28f84493 wp-block-columns-is-layout-flex\">\n<div class=\"wp-block-column is-layout-flow wp-block-column-is-layout-flow\">\n<figure class=\"wp-block-image size-large\"><img loading=\"lazy\" decoding=\"async\" width=\"1024\" height=\"1024\" src=\"https:\/\/www.ildefonsoespinosa.com\/wp-content\/uploads\/2021\/11\/5-L-PET_OVE_cuadrada2-1024x1024.jpg\" alt=\"\" class=\"wp-image-206\" srcset=\"https:\/\/www.ildefonsoespinosa.com\/wp-content\/uploads\/2021\/11\/5-L-PET_OVE_cuadrada2-1024x1024.jpg 1024w, https:\/\/www.ildefonsoespinosa.com\/wp-content\/uploads\/2021\/11\/5-L-PET_OVE_cuadrada2-300x300.jpg 300w, https:\/\/www.ildefonsoespinosa.com\/wp-content\/uploads\/2021\/11\/5-L-PET_OVE_cuadrada2-150x150.jpg 150w, https:\/\/www.ildefonsoespinosa.com\/wp-content\/uploads\/2021\/11\/5-L-PET_OVE_cuadrada2-768x768.jpg 768w, https:\/\/www.ildefonsoespinosa.com\/wp-content\/uploads\/2021\/11\/5-L-PET_OVE_cuadrada2-324x324.jpg 324w, https:\/\/www.ildefonsoespinosa.com\/wp-content\/uploads\/2021\/11\/5-L-PET_OVE_cuadrada2-416x416.jpg 416w, https:\/\/www.ildefonsoespinosa.com\/wp-content\/uploads\/2021\/11\/5-L-PET_OVE_cuadrada2-100x100.jpg 100w, https:\/\/www.ildefonsoespinosa.com\/wp-content\/uploads\/2021\/11\/5-L-PET_OVE_cuadrada2.jpg 1087w\" sizes=\"auto, (max-width: 1024px) 100vw, 1024px\" \/><\/figure>\n\n\n\n<h2 class=\"wp-block-heading\" id=\"aove-clasico\"><strong>EVOO CLASSIQUE<\/strong><\/h2>\n\n\n\n<p><strong>Notre classique, celui qu&rsquo;on a toujours eu. L&rsquo;huile authentique et la plus connue<\/strong> <strong>de notre moulin \u00e0 huile d&rsquo;olive.<\/strong><\/p>\n\n\n\n<p><strong>DESCRIPTION<\/strong><br\/>Huile obtenue \u00e0 partir d&rsquo;olives picual m\u00fbres provenant d&rsquo;<strong>oliveraies de montagne et de campagne<\/strong>, de <strong>couleur dor\u00e9e<\/strong> et \u00e0 l&rsquo;ar\u00f4me caract\u00e9ristique. <strong>Pour tous les usages et \u00e0 tout moment<\/strong>. Une valeur s\u00fbre qui ne d\u00e9cevra aucun palais.<\/p>\n\n\n\n<div class=\"wp-block-buttons is-layout-flex wp-block-buttons-is-layout-flex\">\n<div class=\"wp-block-button\"><a class=\"wp-block-button__link has-black-color has-text-color has-background\" href=\"https:\/\/www.ildefonsoespinosa.com\/categoria\/aove-clasico\/\" style=\"background-color:#fff200\">ACHETEZ<\/a><\/div>\n<\/div>\n<\/div>\n\n\n\n<div class=\"wp-block-column is-layout-flow wp-block-column-is-layout-flow\">\n<figure class=\"wp-block-image size-large\"><img loading=\"lazy\" decoding=\"async\" width=\"1024\" height=\"1024\" src=\"https:\/\/www.ildefonsoespinosa.com\/wp-content\/uploads\/2021\/11\/5-L-PET-024-OVirgen-_cuadrada-1024x1024.jpg\" alt=\"\" class=\"wp-image-207\" srcset=\"https:\/\/www.ildefonsoespinosa.com\/wp-content\/uploads\/2021\/11\/5-L-PET-024-OVirgen-_cuadrada-1024x1024.jpg 1024w, https:\/\/www.ildefonsoespinosa.com\/wp-content\/uploads\/2021\/11\/5-L-PET-024-OVirgen-_cuadrada-300x300.jpg 300w, https:\/\/www.ildefonsoespinosa.com\/wp-content\/uploads\/2021\/11\/5-L-PET-024-OVirgen-_cuadrada-150x150.jpg 150w, https:\/\/www.ildefonsoespinosa.com\/wp-content\/uploads\/2021\/11\/5-L-PET-024-OVirgen-_cuadrada-768x768.jpg 768w, https:\/\/www.ildefonsoespinosa.com\/wp-content\/uploads\/2021\/11\/5-L-PET-024-OVirgen-_cuadrada-324x324.jpg 324w, https:\/\/www.ildefonsoespinosa.com\/wp-content\/uploads\/2021\/11\/5-L-PET-024-OVirgen-_cuadrada-416x416.jpg 416w, https:\/\/www.ildefonsoespinosa.com\/wp-content\/uploads\/2021\/11\/5-L-PET-024-OVirgen-_cuadrada-100x100.jpg 100w, https:\/\/www.ildefonsoespinosa.com\/wp-content\/uploads\/2021\/11\/5-L-PET-024-OVirgen-_cuadrada.jpg 1087w\" sizes=\"auto, (max-width: 1024px) 100vw, 1024px\" \/><\/figure>\n\n\n\n<h2 class=\"wp-block-heading\" id=\"ao-virgen\"><strong>AO VIRGIN<\/strong><\/h2>\n\n\n\n<p><strong>Id\u00e9al pour les rago\u00fbts et les aliments frits. <\/strong><\/p>\n\n\n\n<p>Notre <strong>meilleur prix<\/strong> sans sacrifier la qualit\u00e9.<\/p>\n\n\n\n<div class=\"wp-block-buttons is-layout-flex wp-block-buttons-is-layout-flex\">\n<div class=\"wp-block-button\"><a class=\"wp-block-button__link has-black-color has-text-color has-background\" href=\"https:\/\/www.ildefonsoespinosa.com\/categoria\/ao-virgen\/\" style=\"background-color:#fff200\">ACHETEZ<\/a><\/div>\n<\/div>\n<\/div>\n<\/div>\n","protected":false},"excerpt":{"rendered":"<p>AOVE N\u00ba7 EARLY Ar\u00f4me vert intense, beau et fruit\u00e9 qui attire le regard.. DESCRIPTIONHuile \u00e9labor\u00e9e \u00e0 partir d&rsquo;olives Picual pr\u00e9coces provenant d&rsquo;une s\u00e9lection de sites et de domaines uniques en raison de leur emplacement et du type d&rsquo;oliveraie. Il est r\u00e9colt\u00e9 \u00e0 l&rsquo;aube du mois d&rsquo;octobre selon des techniques traditionnelles. Fait \u00e0 froid et avec [&hellip;]<\/p>\n","protected":false},"author":1,"featured_media":0,"parent":0,"menu_order":0,"comment_status":"closed","ping_status":"closed","template":"","meta":{"_et_pb_use_builder":"","_et_pb_old_content":"","_et_gb_content_width":"","_joinchat":[],"footnotes":""},"class_list":["post-1414","page","type-page","status-publish","hentry"],"yoast_head":"<!-- This site is optimized with the Yoast SEO plugin v27.4 - https:\/\/yoast.com\/product\/yoast-seo-wordpress\/ -->\n<title>Nos huiles - Ildefonso Espinosa<\/title>\n<meta name=\"robots\" content=\"index, follow, max-snippet:-1, max-image-preview:large, max-video-preview:-1\" \/>\n<link rel=\"canonical\" href=\"https:\/\/www.ildefonsoespinosa.com\/fr\/nos-huiles\/\" \/>\n<meta property=\"og:locale\" content=\"fr_FR\" \/>\n<meta property=\"og:type\" content=\"article\" \/>\n<meta property=\"og:title\" content=\"Nos huiles - Ildefonso Espinosa\" \/>\n<meta property=\"og:description\" content=\"AOVE N\u00ba7 EARLY Ar\u00f4me vert intense, beau et fruit\u00e9 qui attire le regard.. DESCRIPTIONHuile \u00e9labor\u00e9e \u00e0 partir d&rsquo;olives Picual pr\u00e9coces provenant d&rsquo;une s\u00e9lection de sites et de domaines uniques en raison de leur emplacement et du type d&rsquo;oliveraie. Il est r\u00e9colt\u00e9 \u00e0 l&rsquo;aube du mois d&rsquo;octobre selon des techniques traditionnelles. Fait \u00e0 froid et avec [&hellip;]\" \/>\n<meta property=\"og:url\" content=\"https:\/\/www.ildefonsoespinosa.com\/fr\/nos-huiles\/\" \/>\n<meta property=\"og:site_name\" content=\"Ildefonso Espinosa\" \/>\n<meta property=\"article:modified_time\" content=\"2023-01-09T08:51:29+00:00\" \/>\n<meta property=\"og:image\" content=\"https:\/\/www.ildefonsoespinosa.com\/wp-content\/uploads\/2021\/11\/Botella-500ml_n7_cuadrada-1024x1024.jpg\" \/>\n<meta name=\"twitter:card\" content=\"summary_large_image\" \/>\n<script type=\"application\/ld+json\" class=\"yoast-schema-graph\">{\"@context\":\"https:\\\/\\\/schema.org\",\"@graph\":[{\"@type\":\"WebPage\",\"@id\":\"https:\\\/\\\/www.ildefonsoespinosa.com\\\/fr\\\/nos-huiles\\\/\",\"url\":\"https:\\\/\\\/www.ildefonsoespinosa.com\\\/fr\\\/nos-huiles\\\/\",\"name\":\"Nos huiles - Ildefonso Espinosa\",\"isPartOf\":{\"@id\":\"https:\\\/\\\/www.ildefonsoespinosa.com\\\/#website\"},\"primaryImageOfPage\":{\"@id\":\"https:\\\/\\\/www.ildefonsoespinosa.com\\\/fr\\\/nos-huiles\\\/#primaryimage\"},\"image\":{\"@id\":\"https:\\\/\\\/www.ildefonsoespinosa.com\\\/fr\\\/nos-huiles\\\/#primaryimage\"},\"thumbnailUrl\":\"https:\\\/\\\/www.ildefonsoespinosa.com\\\/wp-content\\\/uploads\\\/2021\\\/11\\\/Botella-500ml_n7_cuadrada-1024x1024.jpg\",\"datePublished\":\"2021-11-25T11:48:38+00:00\",\"dateModified\":\"2023-01-09T08:51:29+00:00\",\"breadcrumb\":{\"@id\":\"https:\\\/\\\/www.ildefonsoespinosa.com\\\/fr\\\/nos-huiles\\\/#breadcrumb\"},\"inLanguage\":\"fr-FR\",\"potentialAction\":[{\"@type\":\"ReadAction\",\"target\":[\"https:\\\/\\\/www.ildefonsoespinosa.com\\\/fr\\\/nos-huiles\\\/\"]}]},{\"@type\":\"ImageObject\",\"inLanguage\":\"fr-FR\",\"@id\":\"https:\\\/\\\/www.ildefonsoespinosa.com\\\/fr\\\/nos-huiles\\\/#primaryimage\",\"url\":\"https:\\\/\\\/www.ildefonsoespinosa.com\\\/wp-content\\\/uploads\\\/2021\\\/11\\\/Botella-500ml_n7_cuadrada-1024x1024.jpg\",\"contentUrl\":\"https:\\\/\\\/www.ildefonsoespinosa.com\\\/wp-content\\\/uploads\\\/2021\\\/11\\\/Botella-500ml_n7_cuadrada-1024x1024.jpg\"},{\"@type\":\"BreadcrumbList\",\"@id\":\"https:\\\/\\\/www.ildefonsoespinosa.com\\\/fr\\\/nos-huiles\\\/#breadcrumb\",\"itemListElement\":[{\"@type\":\"ListItem\",\"position\":1,\"name\":\"Portada\",\"item\":\"https:\\\/\\\/www.ildefonsoespinosa.com\\\/fr\\\/\"},{\"@type\":\"ListItem\",\"position\":2,\"name\":\"Nos huiles\"}]},{\"@type\":\"WebSite\",\"@id\":\"https:\\\/\\\/www.ildefonsoespinosa.com\\\/#website\",\"url\":\"https:\\\/\\\/www.ildefonsoespinosa.com\\\/\",\"name\":\"Ildefonso Espinosa\",\"description\":\"Aceite genuino desde 1956\",\"publisher\":{\"@id\":\"https:\\\/\\\/www.ildefonsoespinosa.com\\\/#organization\"},\"potentialAction\":[{\"@type\":\"SearchAction\",\"target\":{\"@type\":\"EntryPoint\",\"urlTemplate\":\"https:\\\/\\\/www.ildefonsoespinosa.com\\\/?s={search_term_string}\"},\"query-input\":{\"@type\":\"PropertyValueSpecification\",\"valueRequired\":true,\"valueName\":\"search_term_string\"}}],\"inLanguage\":\"fr-FR\"},{\"@type\":\"Organization\",\"@id\":\"https:\\\/\\\/www.ildefonsoespinosa.com\\\/#organization\",\"name\":\"Ildefonso Espinosa\",\"url\":\"https:\\\/\\\/www.ildefonsoespinosa.com\\\/\",\"logo\":{\"@type\":\"ImageObject\",\"inLanguage\":\"fr-FR\",\"@id\":\"https:\\\/\\\/www.ildefonsoespinosa.com\\\/#\\\/schema\\\/logo\\\/image\\\/\",\"url\":\"https:\\\/\\\/www.ildefonsoespinosa.com\\\/wp-content\\\/uploads\\\/2023\\\/09\\\/cropped-Logo-vertical-sin-com-3.png\",\"contentUrl\":\"https:\\\/\\\/www.ildefonsoespinosa.com\\\/wp-content\\\/uploads\\\/2023\\\/09\\\/cropped-Logo-vertical-sin-com-3.png\",\"width\":212,\"height\":132,\"caption\":\"Ildefonso Espinosa\"},\"image\":{\"@id\":\"https:\\\/\\\/www.ildefonsoespinosa.com\\\/#\\\/schema\\\/logo\\\/image\\\/\"}}]}<\/script>\n<!-- \/ Yoast SEO plugin. -->","yoast_head_json":{"title":"Nos huiles - Ildefonso Espinosa","robots":{"index":"index","follow":"follow","max-snippet":"max-snippet:-1","max-image-preview":"max-image-preview:large","max-video-preview":"max-video-preview:-1"},"canonical":"https:\/\/www.ildefonsoespinosa.com\/fr\/nos-huiles\/","og_locale":"fr_FR","og_type":"article","og_title":"Nos huiles - Ildefonso Espinosa","og_description":"AOVE N\u00ba7 EARLY Ar\u00f4me vert intense, beau et fruit\u00e9 qui attire le regard.. DESCRIPTIONHuile \u00e9labor\u00e9e \u00e0 partir d&rsquo;olives Picual pr\u00e9coces provenant d&rsquo;une s\u00e9lection de sites et de domaines uniques en raison de leur emplacement et du type d&rsquo;oliveraie. Il est r\u00e9colt\u00e9 \u00e0 l&rsquo;aube du mois d&rsquo;octobre selon des techniques traditionnelles. Fait \u00e0 froid et avec [&hellip;]","og_url":"https:\/\/www.ildefonsoespinosa.com\/fr\/nos-huiles\/","og_site_name":"Ildefonso Espinosa","article_modified_time":"2023-01-09T08:51:29+00:00","og_image":[{"url":"https:\/\/www.ildefonsoespinosa.com\/wp-content\/uploads\/2021\/11\/Botella-500ml_n7_cuadrada-1024x1024.jpg","type":"","width":"","height":""}],"twitter_card":"summary_large_image","schema":{"@context":"https:\/\/schema.org","@graph":[{"@type":"WebPage","@id":"https:\/\/www.ildefonsoespinosa.com\/fr\/nos-huiles\/","url":"https:\/\/www.ildefonsoespinosa.com\/fr\/nos-huiles\/","name":"Nos huiles - Ildefonso Espinosa","isPartOf":{"@id":"https:\/\/www.ildefonsoespinosa.com\/#website"},"primaryImageOfPage":{"@id":"https:\/\/www.ildefonsoespinosa.com\/fr\/nos-huiles\/#primaryimage"},"image":{"@id":"https:\/\/www.ildefonsoespinosa.com\/fr\/nos-huiles\/#primaryimage"},"thumbnailUrl":"https:\/\/www.ildefonsoespinosa.com\/wp-content\/uploads\/2021\/11\/Botella-500ml_n7_cuadrada-1024x1024.jpg","datePublished":"2021-11-25T11:48:38+00:00","dateModified":"2023-01-09T08:51:29+00:00","breadcrumb":{"@id":"https:\/\/www.ildefonsoespinosa.com\/fr\/nos-huiles\/#breadcrumb"},"inLanguage":"fr-FR","potentialAction":[{"@type":"ReadAction","target":["https:\/\/www.ildefonsoespinosa.com\/fr\/nos-huiles\/"]}]},{"@type":"ImageObject","inLanguage":"fr-FR","@id":"https:\/\/www.ildefonsoespinosa.com\/fr\/nos-huiles\/#primaryimage","url":"https:\/\/www.ildefonsoespinosa.com\/wp-content\/uploads\/2021\/11\/Botella-500ml_n7_cuadrada-1024x1024.jpg","contentUrl":"https:\/\/www.ildefonsoespinosa.com\/wp-content\/uploads\/2021\/11\/Botella-500ml_n7_cuadrada-1024x1024.jpg"},{"@type":"BreadcrumbList","@id":"https:\/\/www.ildefonsoespinosa.com\/fr\/nos-huiles\/#breadcrumb","itemListElement":[{"@type":"ListItem","position":1,"name":"Portada","item":"https:\/\/www.ildefonsoespinosa.com\/fr\/"},{"@type":"ListItem","position":2,"name":"Nos huiles"}]},{"@type":"WebSite","@id":"https:\/\/www.ildefonsoespinosa.com\/#website","url":"https:\/\/www.ildefonsoespinosa.com\/","name":"Ildefonso Espinosa","description":"Aceite genuino desde 1956","publisher":{"@id":"https:\/\/www.ildefonsoespinosa.com\/#organization"},"potentialAction":[{"@type":"SearchAction","target":{"@type":"EntryPoint","urlTemplate":"https:\/\/www.ildefonsoespinosa.com\/?s={search_term_string}"},"query-input":{"@type":"PropertyValueSpecification","valueRequired":true,"valueName":"search_term_string"}}],"inLanguage":"fr-FR"},{"@type":"Organization","@id":"https:\/\/www.ildefonsoespinosa.com\/#organization","name":"Ildefonso Espinosa","url":"https:\/\/www.ildefonsoespinosa.com\/","logo":{"@type":"ImageObject","inLanguage":"fr-FR","@id":"https:\/\/www.ildefonsoespinosa.com\/#\/schema\/logo\/image\/","url":"https:\/\/www.ildefonsoespinosa.com\/wp-content\/uploads\/2023\/09\/cropped-Logo-vertical-sin-com-3.png","contentUrl":"https:\/\/www.ildefonsoespinosa.com\/wp-content\/uploads\/2023\/09\/cropped-Logo-vertical-sin-com-3.png","width":212,"height":132,"caption":"Ildefonso Espinosa"},"image":{"@id":"https:\/\/www.ildefonsoespinosa.com\/#\/schema\/logo\/image\/"}}]}},"_links":{"self":[{"href":"https:\/\/www.ildefonsoespinosa.com\/fr\/wp-json\/wp\/v2\/pages\/1414","targetHints":{"allow":["GET"]}}],"collection":[{"href":"https:\/\/www.ildefonsoespinosa.com\/fr\/wp-json\/wp\/v2\/pages"}],"about":[{"href":"https:\/\/www.ildefonsoespinosa.com\/fr\/wp-json\/wp\/v2\/types\/page"}],"author":[{"embeddable":true,"href":"https:\/\/www.ildefonsoespinosa.com\/fr\/wp-json\/wp\/v2\/users\/1"}],"replies":[{"embeddable":true,"href":"https:\/\/www.ildefonsoespinosa.com\/fr\/wp-json\/wp\/v2\/comments?post=1414"}],"version-history":[{"count":1,"href":"https:\/\/www.ildefonsoespinosa.com\/fr\/wp-json\/wp\/v2\/pages\/1414\/revisions"}],"predecessor-version":[{"id":1415,"href":"https:\/\/www.ildefonsoespinosa.com\/fr\/wp-json\/wp\/v2\/pages\/1414\/revisions\/1415"}],"wp:attachment":[{"href":"https:\/\/www.ildefonsoespinosa.com\/fr\/wp-json\/wp\/v2\/media?parent=1414"}],"curies":[{"name":"wp","href":"https:\/\/api.w.org\/{rel}","templated":true}]}}