{"id":1418,"date":"2021-11-24T08:54:04","date_gmt":"2021-11-24T07:54:04","guid":{"rendered":"https:\/\/www.ildefonsoespinosa.com\/politique-en-matiere-de-cookies\/"},"modified":"2023-01-09T10:45:14","modified_gmt":"2023-01-09T09:45:14","slug":"politique-en-matiere-de-cookies","status":"publish","type":"page","link":"https:\/\/www.ildefonsoespinosa.com\/fr\/politique-en-matiere-de-cookies\/","title":{"rendered":"Politique en mati\u00e8re de cookies"},"content":{"rendered":"\n<p><strong>1. utilisation des cookies<\/strong><\/p>\n\n<p>Le site web <a href=\"http:\/\/www.ildefonsoespinosa.com\">www.ildefonsoespinosa.com<\/a> appartenant \u00e0 Ildefonso Espinosa Garrido utilise des cookies.<\/p>\n\n<p>Les cookies sont des fichiers qui sont t\u00e9l\u00e9charg\u00e9s sur votre ordinateur lorsque vous acc\u00e9dez \u00e0 certains sites web. Les cookies permettent \u00e0 un site web, entre autres, de stocker et de r\u00e9cup\u00e9rer des informations sur les habitudes de navigation d&rsquo;un utilisateur ou sur son \u00e9quipement et, en fonction des informations qu&rsquo;ils contiennent et de la mani\u00e8re dont il utilise son \u00e9quipement.<\/p>\n\n<p>Ils am\u00e9liorent \u00e9galement votre exp\u00e9rience de navigation, car ils permettent au site web de fournir \u00e0 l&rsquo;utilisateur des informations susceptibles de l&rsquo;int\u00e9resser en fonction de la mani\u00e8re dont il utilise le contenu du site web.<\/p>\n\n<p>Si vous ne souhaitez pas recevoir de cookies, veuillez configurer votre navigateur Internet pour qu&rsquo;il les efface du disque dur de votre ordinateur, les bloque ou vous avertisse s&rsquo;ils sont install\u00e9s. Pour continuer sans modifier vos param\u00e8tres de cookies, il suffit de continuer sur le site web.<\/p>\n\n<p><strong>2. Consentement.<\/strong><\/p>\n\n<p>Les cookies que nous utilisons ne stockent aucune donn\u00e9e personnelle ni aucun type d&rsquo;information susceptible de vous identifier, \u00e0 moins que vous ne souhaitiez vous inscrire volontairement afin d&rsquo;utiliser les services que nous mettons \u00e0 votre disposition ou de recevoir des informations sur les promotions et les contenus qui vous int\u00e9ressent.<\/p>\n\n<p>En naviguant et en poursuivant sur notre site web, vous indiquez que vous consentez \u00e0 l&rsquo;utilisation des cookies susmentionn\u00e9s, et dans les conditions contenues dans cette politique de cookies. Si vous n&rsquo;\u00eates pas d&rsquo;accord, veuillez envoyer un courriel \u00e0 <a href=\"mailto:fabrica@aceitesespinosa.com\">fabrica@aceitesespinosa.com<\/a> <\/p>\n\n<p><strong>3. Les types et la finalit\u00e9 des cookies.<\/strong><\/p>\n\n<p>Nous fournissons ci-dessous des informations sur le type de cookies et leur objectif:<\/p>\n\n<ol class=\"wp-block-list\" type=\"1\"><li>Types de cookies en fonction de l&rsquo;entit\u00e9 qui les g\u00e8re<\/li><\/ol>\n\n<p>En fonction de l&rsquo;entit\u00e9 qui g\u00e8re l&rsquo;\u00e9quipement ou le domaine \u00e0 partir duquel les cookies sont envoy\u00e9s et qui traite les donn\u00e9es obtenues, nous pouvons distinguer:<\/p>\n\n<p>Cookies propres: ce sont ceux qui sont envoy\u00e9s \u00e0 l&rsquo;\u00e9quipement terminal de l&rsquo;utilisateur depuis ou vers notre propre service web.<\/p>\n\n<p>Cookies de tiers : ce sont ceux qui sont envoy\u00e9s \u00e0 l&rsquo;\u00e9quipement terminal de l&rsquo;utilisateur depuis un ordinateur ou un domaine g\u00e9r\u00e9 par une autre entit\u00e9 qui traite les donn\u00e9es obtenues par le biais des cookies. Comme ils sont mis en \u0153uvre par ces tiers, leur blocage et leur d\u00e9sinstallation sont r\u00e9gis par leurs conditions et m\u00e9canismes sp\u00e9cifiques.<\/p>\n\n<ul class=\"wp-block-list\"><li>Types de cookies en fonction de la dur\u00e9e pendant laquelle ils restent actifs sur l&rsquo;\u00e9quipement terminal.<\/li><\/ul>\n\n<p>Cookies de session : il s&rsquo;agit d&rsquo;un type de cookie con\u00e7u pour collecter et stocker des donn\u00e9es pendant que l&rsquo;utilisateur acc\u00e8de \u00e0 une page web. Ces cookies sont stock\u00e9s sur votre terminal jusqu&rsquo;\u00e0 la fin de la session de navigation de l&rsquo;utilisateur.<\/p>\n\n<p>Cookies persistants : Il s&rsquo;agit d&rsquo;un type de cookie dans lequel les donn\u00e9es restent stock\u00e9es dans le terminal et peuvent \u00eatre consult\u00e9es et trait\u00e9es pendant une p\u00e9riode d\u00e9finie par la partie responsable du cookie, qui peut aller de quelques minutes \u00e0 plusieurs ann\u00e9es.<\/p>\n\n<ul class=\"wp-block-list\"><li>Types de cookies en fonction de leur finalit\u00e9<\/li><\/ul>\n\n<p>Cookies techniques : ces cookies permettent \u00e0 l&rsquo;utilisateur de naviguer sur le site web ou la plateforme et d&rsquo;utiliser les diff\u00e9rentes options ou services qui y existent, tels que le contr\u00f4le du trafic et de la communication des donn\u00e9es, l&rsquo;identification de la session, l&rsquo;acc\u00e8s \u00e0 des zones restreintes, l&rsquo;utilisation d&rsquo;\u00e9l\u00e9ments de s\u00e9curit\u00e9 pendant la navigation ou le stockage de contenus pour la diffusion de vid\u00e9os ou de sons ou le partage de contenus via des r\u00e9seaux sociaux tels que Twitter, Facebook, Google+ ou YouTube. Il s&rsquo;agit de cookies de session et de cookies persistants.<\/p>\n\n<p>Cookies de personnalisation: Ces cookies permettent \u00e0 l&rsquo;utilisateur d&rsquo;acc\u00e9der au service avec certaines caract\u00e9ristiques pr\u00e9d\u00e9finies en fonction d&rsquo;une s\u00e9rie de crit\u00e8res du terminal de l&rsquo;utilisateur comme, par exemple, le type de navigateur utilis\u00e9 pour acc\u00e9der au service, la configuration r\u00e9gionale \u00e0 partir de laquelle on acc\u00e8de au service, etc.<\/p>\n\n<p>Cookies analytiques: ces cookies nous permettent de quantifier le nombre d&rsquo;utilisateurs et de proc\u00e9der ainsi \u00e0 la mesure et \u00e0 l&rsquo;analyse statistique de l&rsquo;utilisation faite par les utilisateurs de notre site web. A cette fin, votre navigation sur notre site est analys\u00e9e afin de l&rsquo;am\u00e9liorer.<\/p>\n\n<p>Cookies publicitaires: ce sont ceux qui permettent de g\u00e9rer, de la mani\u00e8re la plus efficace possible, les espaces publicitaires qui peuvent \u00eatre inclus sur notre site web.<br\/>Cookies publicitaires: ce sont ceux qui permettent de g\u00e9rer, de la mani\u00e8re la plus efficace possible, les espaces publicitaires qui peuvent \u00eatre inclus sur notre site web. Gr\u00e2ce \u00e0 eux, nous pouvons conna\u00eetre vos habitudes de navigation sur Internet et vous montrer des publicit\u00e9s li\u00e9es \u00e0 votre profil de navigation.<\/p>\n\n<p><strong>4. Gestion des cookies.<\/strong><\/p>\n\n<p>Vous pouvez autoriser, bloquer ou supprimer les cookies install\u00e9s sur votre ordinateur en configurant les options de votre navigateur Internet. Si vous n&rsquo;autorisez pas l&rsquo;installation de cookies dans votre navigateur, il se peut que vous ne puissiez pas acc\u00e9der \u00e0 certains services et que votre exp\u00e9rience sur notre site web soit moins satisfaisante. Dans les liens suivants, et uniquement \u00e0 titre indicatif, vous avez \u00e0 votre disposition des informations pour configurer ou d\u00e9sactiver vos cookies dans chaque navigateur:<\/p>\n\n<ul class=\"wp-block-list\"><li><a href=\"https:\/\/support.google.com\/accounts\/answer\/61416?hl=es\" target=\"_blank\" rel=\"noreferrer noopener\">Google Chrome<\/a><\/li><li><a href=\"https:\/\/support.mozilla.org\/es\/kb\/habilitar-y-deshabilitar-cookies-que-los-sitios-we\" target=\"_blank\" rel=\"noreferrer noopener\">Mozilla Firefox<\/a><\/li><li><a href=\"http:\/\/windows.microsoft.com\/es-es\/windows-vista\/block-or-allow-cookies\" target=\"_blank\" rel=\"noreferrer noopener\">Internet Explorer<\/a><\/li><li><a href=\"https:\/\/privacy.microsoft.com\/es-es\/windows-10-microsoft-edge-and-privacy\" target=\"_blank\" rel=\"noreferrer noopener\">Microsoft Edge<\/a><\/li><li><a href=\"http:\/\/support.apple.com\/kb\/PH17191?viewlocale=es_ES\" target=\"_blank\" rel=\"noreferrer noopener\">Safari<\/a><\/li><li><a href=\"http:\/\/support.apple.com\/kb\/HT1677?viewlocale=es_ES&amp;\" target=\"_blank\" rel=\"noreferrer noopener\">Safari pour iOS (iPhone et iPad)<\/a><\/li><li><a href=\"https:\/\/support.google.com\/chrome\/answer\/2392971?hl=es\" target=\"_blank\" rel=\"noreferrer noopener\">Chrome pour Android<\/a><\/li><\/ul>\n\n<p>Nous vous informons toutefois de la possibilit\u00e9 que la d\u00e9sactivation d&rsquo;un cookie puisse emp\u00eacher ou g\u00eaner la navigation ou la fourniture des services propos\u00e9s sur le site.<\/p>\n","protected":false},"excerpt":{"rendered":"<p>1. utilisation des cookies Le site web www.ildefonsoespinosa.com appartenant \u00e0 Ildefonso Espinosa Garrido utilise des cookies. Les cookies sont des fichiers qui sont t\u00e9l\u00e9charg\u00e9s sur votre ordinateur lorsque vous acc\u00e9dez \u00e0 certains sites web. Les cookies permettent \u00e0 un site web, entre autres, de stocker et de r\u00e9cup\u00e9rer des informations sur les habitudes de navigation [&hellip;]<\/p>\n","protected":false},"author":1,"featured_media":0,"parent":0,"menu_order":0,"comment_status":"closed","ping_status":"closed","template":"","meta":{"_et_pb_use_builder":"","_et_pb_old_content":"","_et_gb_content_width":"","_joinchat":[],"footnotes":""},"class_list":["post-1418","page","type-page","status-publish","hentry"],"yoast_head":"<!-- This site is optimized with the Yoast SEO plugin v27.4 - https:\/\/yoast.com\/product\/yoast-seo-wordpress\/ -->\n<title>Politique en mati\u00e8re de cookies - Ildefonso Espinosa<\/title>\n<meta name=\"robots\" content=\"noindex, follow\" \/>\n<meta property=\"og:locale\" content=\"fr_FR\" \/>\n<meta property=\"og:type\" content=\"article\" \/>\n<meta property=\"og:title\" content=\"Politique en mati\u00e8re de cookies - Ildefonso Espinosa\" \/>\n<meta property=\"og:description\" content=\"1. utilisation des cookies Le site web www.ildefonsoespinosa.com appartenant \u00e0 Ildefonso Espinosa Garrido utilise des cookies. Les cookies sont des fichiers qui sont t\u00e9l\u00e9charg\u00e9s sur votre ordinateur lorsque vous acc\u00e9dez \u00e0 certains sites web. Les cookies permettent \u00e0 un site web, entre autres, de stocker et de r\u00e9cup\u00e9rer des informations sur les habitudes de navigation [&hellip;]\" \/>\n<meta property=\"og:url\" content=\"https:\/\/www.ildefonsoespinosa.com\/fr\/politique-en-matiere-de-cookies\/\" \/>\n<meta property=\"og:site_name\" content=\"Ildefonso Espinosa\" \/>\n<meta property=\"article:modified_time\" content=\"2023-01-09T09:45:14+00:00\" \/>\n<meta name=\"twitter:card\" content=\"summary_large_image\" \/>\n<script type=\"application\/ld+json\" class=\"yoast-schema-graph\">{\"@context\":\"https:\\\/\\\/schema.org\",\"@graph\":[{\"@type\":\"WebPage\",\"@id\":\"https:\\\/\\\/www.ildefonsoespinosa.com\\\/fr\\\/politique-en-matiere-de-cookies\\\/\",\"url\":\"https:\\\/\\\/www.ildefonsoespinosa.com\\\/fr\\\/politique-en-matiere-de-cookies\\\/\",\"name\":\"Politique en mati\u00e8re de cookies - Ildefonso Espinosa\",\"isPartOf\":{\"@id\":\"https:\\\/\\\/www.ildefonsoespinosa.com\\\/#website\"},\"datePublished\":\"2021-11-24T07:54:04+00:00\",\"dateModified\":\"2023-01-09T09:45:14+00:00\",\"breadcrumb\":{\"@id\":\"https:\\\/\\\/www.ildefonsoespinosa.com\\\/fr\\\/politique-en-matiere-de-cookies\\\/#breadcrumb\"},\"inLanguage\":\"fr-FR\",\"potentialAction\":[{\"@type\":\"ReadAction\",\"target\":[\"https:\\\/\\\/www.ildefonsoespinosa.com\\\/fr\\\/politique-en-matiere-de-cookies\\\/\"]}]},{\"@type\":\"BreadcrumbList\",\"@id\":\"https:\\\/\\\/www.ildefonsoespinosa.com\\\/fr\\\/politique-en-matiere-de-cookies\\\/#breadcrumb\",\"itemListElement\":[{\"@type\":\"ListItem\",\"position\":1,\"name\":\"Portada\",\"item\":\"https:\\\/\\\/www.ildefonsoespinosa.com\\\/fr\\\/\"},{\"@type\":\"ListItem\",\"position\":2,\"name\":\"Politique en mati\u00e8re de cookies\"}]},{\"@type\":\"WebSite\",\"@id\":\"https:\\\/\\\/www.ildefonsoespinosa.com\\\/#website\",\"url\":\"https:\\\/\\\/www.ildefonsoespinosa.com\\\/\",\"name\":\"Ildefonso Espinosa\",\"description\":\"Aceite genuino desde 1956\",\"publisher\":{\"@id\":\"https:\\\/\\\/www.ildefonsoespinosa.com\\\/#organization\"},\"potentialAction\":[{\"@type\":\"SearchAction\",\"target\":{\"@type\":\"EntryPoint\",\"urlTemplate\":\"https:\\\/\\\/www.ildefonsoespinosa.com\\\/?s={search_term_string}\"},\"query-input\":{\"@type\":\"PropertyValueSpecification\",\"valueRequired\":true,\"valueName\":\"search_term_string\"}}],\"inLanguage\":\"fr-FR\"},{\"@type\":\"Organization\",\"@id\":\"https:\\\/\\\/www.ildefonsoespinosa.com\\\/#organization\",\"name\":\"Ildefonso Espinosa\",\"url\":\"https:\\\/\\\/www.ildefonsoespinosa.com\\\/\",\"logo\":{\"@type\":\"ImageObject\",\"inLanguage\":\"fr-FR\",\"@id\":\"https:\\\/\\\/www.ildefonsoespinosa.com\\\/#\\\/schema\\\/logo\\\/image\\\/\",\"url\":\"https:\\\/\\\/www.ildefonsoespinosa.com\\\/wp-content\\\/uploads\\\/2023\\\/09\\\/cropped-Logo-vertical-sin-com-3.png\",\"contentUrl\":\"https:\\\/\\\/www.ildefonsoespinosa.com\\\/wp-content\\\/uploads\\\/2023\\\/09\\\/cropped-Logo-vertical-sin-com-3.png\",\"width\":212,\"height\":132,\"caption\":\"Ildefonso Espinosa\"},\"image\":{\"@id\":\"https:\\\/\\\/www.ildefonsoespinosa.com\\\/#\\\/schema\\\/logo\\\/image\\\/\"}}]}<\/script>\n<!-- \/ Yoast SEO plugin. -->","yoast_head_json":{"title":"Politique en mati\u00e8re de cookies - Ildefonso Espinosa","robots":{"index":"noindex","follow":"follow"},"og_locale":"fr_FR","og_type":"article","og_title":"Politique en mati\u00e8re de cookies - Ildefonso Espinosa","og_description":"1. utilisation des cookies Le site web www.ildefonsoespinosa.com appartenant \u00e0 Ildefonso Espinosa Garrido utilise des cookies. Les cookies sont des fichiers qui sont t\u00e9l\u00e9charg\u00e9s sur votre ordinateur lorsque vous acc\u00e9dez \u00e0 certains sites web. Les cookies permettent \u00e0 un site web, entre autres, de stocker et de r\u00e9cup\u00e9rer des informations sur les habitudes de navigation [&hellip;]","og_url":"https:\/\/www.ildefonsoespinosa.com\/fr\/politique-en-matiere-de-cookies\/","og_site_name":"Ildefonso Espinosa","article_modified_time":"2023-01-09T09:45:14+00:00","twitter_card":"summary_large_image","schema":{"@context":"https:\/\/schema.org","@graph":[{"@type":"WebPage","@id":"https:\/\/www.ildefonsoespinosa.com\/fr\/politique-en-matiere-de-cookies\/","url":"https:\/\/www.ildefonsoespinosa.com\/fr\/politique-en-matiere-de-cookies\/","name":"Politique en mati\u00e8re de cookies - Ildefonso Espinosa","isPartOf":{"@id":"https:\/\/www.ildefonsoespinosa.com\/#website"},"datePublished":"2021-11-24T07:54:04+00:00","dateModified":"2023-01-09T09:45:14+00:00","breadcrumb":{"@id":"https:\/\/www.ildefonsoespinosa.com\/fr\/politique-en-matiere-de-cookies\/#breadcrumb"},"inLanguage":"fr-FR","potentialAction":[{"@type":"ReadAction","target":["https:\/\/www.ildefonsoespinosa.com\/fr\/politique-en-matiere-de-cookies\/"]}]},{"@type":"BreadcrumbList","@id":"https:\/\/www.ildefonsoespinosa.com\/fr\/politique-en-matiere-de-cookies\/#breadcrumb","itemListElement":[{"@type":"ListItem","position":1,"name":"Portada","item":"https:\/\/www.ildefonsoespinosa.com\/fr\/"},{"@type":"ListItem","position":2,"name":"Politique en mati\u00e8re de cookies"}]},{"@type":"WebSite","@id":"https:\/\/www.ildefonsoespinosa.com\/#website","url":"https:\/\/www.ildefonsoespinosa.com\/","name":"Ildefonso Espinosa","description":"Aceite genuino desde 1956","publisher":{"@id":"https:\/\/www.ildefonsoespinosa.com\/#organization"},"potentialAction":[{"@type":"SearchAction","target":{"@type":"EntryPoint","urlTemplate":"https:\/\/www.ildefonsoespinosa.com\/?s={search_term_string}"},"query-input":{"@type":"PropertyValueSpecification","valueRequired":true,"valueName":"search_term_string"}}],"inLanguage":"fr-FR"},{"@type":"Organization","@id":"https:\/\/www.ildefonsoespinosa.com\/#organization","name":"Ildefonso Espinosa","url":"https:\/\/www.ildefonsoespinosa.com\/","logo":{"@type":"ImageObject","inLanguage":"fr-FR","@id":"https:\/\/www.ildefonsoespinosa.com\/#\/schema\/logo\/image\/","url":"https:\/\/www.ildefonsoespinosa.com\/wp-content\/uploads\/2023\/09\/cropped-Logo-vertical-sin-com-3.png","contentUrl":"https:\/\/www.ildefonsoespinosa.com\/wp-content\/uploads\/2023\/09\/cropped-Logo-vertical-sin-com-3.png","width":212,"height":132,"caption":"Ildefonso Espinosa"},"image":{"@id":"https:\/\/www.ildefonsoespinosa.com\/#\/schema\/logo\/image\/"}}]}},"_links":{"self":[{"href":"https:\/\/www.ildefonsoespinosa.com\/fr\/wp-json\/wp\/v2\/pages\/1418","targetHints":{"allow":["GET"]}}],"collection":[{"href":"https:\/\/www.ildefonsoespinosa.com\/fr\/wp-json\/wp\/v2\/pages"}],"about":[{"href":"https:\/\/www.ildefonsoespinosa.com\/fr\/wp-json\/wp\/v2\/types\/page"}],"author":[{"embeddable":true,"href":"https:\/\/www.ildefonsoespinosa.com\/fr\/wp-json\/wp\/v2\/users\/1"}],"replies":[{"embeddable":true,"href":"https:\/\/www.ildefonsoespinosa.com\/fr\/wp-json\/wp\/v2\/comments?post=1418"}],"version-history":[{"count":1,"href":"https:\/\/www.ildefonsoespinosa.com\/fr\/wp-json\/wp\/v2\/pages\/1418\/revisions"}],"predecessor-version":[{"id":1419,"href":"https:\/\/www.ildefonsoespinosa.com\/fr\/wp-json\/wp\/v2\/pages\/1418\/revisions\/1419"}],"wp:attachment":[{"href":"https:\/\/www.ildefonsoespinosa.com\/fr\/wp-json\/wp\/v2\/media?parent=1418"}],"curies":[{"name":"wp","href":"https:\/\/api.w.org\/{rel}","templated":true}]}}