{"id":1058,"date":"2022-10-18T12:18:29","date_gmt":"2022-10-18T10:18:29","guid":{"rendered":"https:\/\/www.ildefonsoespinosa.com\/?post_type=product&#038;p=1058"},"modified":"2026-03-26T11:30:32","modified_gmt":"2026-03-26T10:30:32","slug":"pack-4x250ml-aove-mix7-temprano-24-25","status":"publish","type":"product","link":"https:\/\/www.ildefonsoespinosa.com\/fr\/tienda\/pack-4x250ml-aove-mix7-temprano-24-25\/","title":{"rendered":"PACK 4x250ML AOVE MIX TEMPRANO NUEVA COSECHA 25\/26"},"content":{"rendered":"<p><strong>PICUAL<\/strong><\/p>\n<p><strong>NOTA DE CATA:\u00a0<\/strong>Es un aceite de oliva de un color verde intenso, precioso. En boca intenso, sabor afrutado con ligero picante que desaparece en boca. Su aroma espectacular en el que podemos distinguir notas de tomate maduro con matices de pepita verde y hoja de higuera. Aroma frutado que atrapa<\/p>\n<p><strong>MARIDAJE:\u00a0<\/strong>Es un aceite ideal tanto para utilizar con pastas, verduras a la parrilla, pescados a la parrilla y delicioso con huevos y patatas.<\/p>\n<p><strong>ARBEQUINA<\/strong><\/p>\n<p><strong>NOTA DE CATA:\u00a0<\/strong>Perfil de frutado maduro medio leve. En boca es dulce, con punta de picante suave, un amargo suave y astringencia leve en boca.\u00a0\u00a0El conjunto resulta un aceite maduro y dulce, suave en boca y nariz.<\/p>\n<p><strong>MARIDAJE:\u00a0<\/strong>Es un aceite ideal tanto para utilizar en la cocina, como para consumir en crudo en un buen pan con tomate, por su sabor dulce y suave. Indicado para aquel consumidor que busca un aceite fino y dulce.<\/p>\n<p><strong>FRANTOIO<\/strong><\/p>\n<p><strong>NOTA DE CATA:\u00a0<\/strong>Es un aceite verde intenso. En boca entra con cuerpo, con un amargo de intensidad media, equilibrado con un picante que se queda de forma sutil. Un equilibrio perfecto que deja un retrogusto almendrado suave. En nariz al principio aparece papilla de fruta, pl\u00e1tano verde, y tonos de almendra verde, muy arm\u00f3nico, aroma suave a plantas arom\u00e1ticas con peque\u00f1as notas de an\u00eds e hinojo.<\/p>\n<p><strong>MARIDAJE:\u00a0<\/strong>Este AOVE, por sus notas almendradas, es perfecto para postres l\u00e1cteos, para mezclar con caramelo y chocolate, muy recomendado para sopas fr\u00edas como un ajo blanco y en carnes a la brasa y pescados al horno.<\/p>\n<p>&nbsp;<\/p>\n<p>&nbsp;<\/p>\n","protected":false},"excerpt":{"rendered":"<p>Pack compuesto por <strong>4 botellas de 250ml<\/strong> <strong>de AOVE temprano: <\/strong>2 botellas de la variedad <strong>Picual <\/strong>\u00a0y 2 botellas de la variedad <strong>Frantoio (Arbequina agotado)<\/strong><\/p>\n<p>Aceite elaborado a partir de aceituna temprana procedente de una selecci\u00f3n de parajes y fincas singulares ubicados en las poblaciones de Jabalquinto, Campillo del R\u00edo, Guarrom\u00e1n y Pegalajar (Ja\u00e9n). La recolecci\u00f3n se efect\u00faa al amanecer durante el mes de octubre mediante t\u00e9cnicas totalmente artesanales. Elaborado en fr\u00edo y con todo nuestro esmero para ti.<\/p>\n","protected":false},"featured_media":3360,"comment_status":"closed","ping_status":"closed","template":"","meta":{"_et_pb_use_builder":"","_et_pb_old_content":"","_et_gb_content_width":"","_joinchat":[]},"product_brand":[],"product_cat":[21,42,15],"product_tag":[],"class_list":{"0":"post-1058","1":"product","2":"type-product","3":"status-publish","4":"has-post-thumbnail","6":"product_cat-aove-no7-temprano","7":"product_cat-aove-temprano","8":"product_cat-sin-categorizar","10":"first","11":"instock","12":"taxable","13":"shipping-taxable","14":"purchasable","15":"product-type-simple"},"yoast_head":"<!-- This site is optimized with the Yoast SEO plugin v27.4 - https:\/\/yoast.com\/product\/yoast-seo-wordpress\/ -->\n<title>PACK 4x250ML AOVE MIX TEMPRANO NUEVA COSECHA 25\/26 - Ildefonso Espinosa<\/title>\n<meta name=\"robots\" content=\"index, follow, max-snippet:-1, max-image-preview:large, max-video-preview:-1\" \/>\n<link rel=\"canonical\" href=\"https:\/\/www.ildefonsoespinosa.com\/tienda\/pack-4x250ml-aove-mix7-temprano-24-25\/\" \/>\n<meta property=\"og:locale\" content=\"fr_FR\" \/>\n<meta property=\"og:type\" content=\"article\" \/>\n<meta property=\"og:title\" content=\"PACK 4x250ML AOVE MIX TEMPRANO NUEVA COSECHA 25\/26 - Ildefonso Espinosa\" \/>\n<meta property=\"og:description\" content=\"Pack compuesto por 4 botellas de 250ml de AOVE temprano: 2 botellas de la variedad Picual \u00a0y 2 botellas de la variedad Frantoio (Arbequina agotado)  Aceite elaborado a partir de aceituna temprana procedente de una selecci\u00f3n de parajes y fincas singulares ubicados en las poblaciones de Jabalquinto, Campillo del R\u00edo, Guarrom\u00e1n y Pegalajar (Ja\u00e9n). La recolecci\u00f3n se efect\u00faa al amanecer durante el mes de octubre mediante t\u00e9cnicas totalmente artesanales. Elaborado en fr\u00edo y con todo nuestro esmero para ti.\" \/>\n<meta property=\"og:url\" content=\"https:\/\/www.ildefonsoespinosa.com\/tienda\/pack-4x250ml-aove-mix7-temprano-24-25\/\" \/>\n<meta property=\"og:site_name\" content=\"Ildefonso Espinosa\" \/>\n<meta property=\"article:modified_time\" content=\"2026-03-26T10:30:32+00:00\" \/>\n<meta property=\"og:image\" content=\"https:\/\/www.ildefonsoespinosa.com\/wp-content\/uploads\/2022\/10\/pack-3-variedades.jpg\" \/>\n\t<meta property=\"og:image:width\" content=\"1859\" \/>\n\t<meta property=\"og:image:height\" content=\"1858\" \/>\n\t<meta property=\"og:image:type\" content=\"image\/jpeg\" \/>\n<meta name=\"twitter:card\" content=\"summary_large_image\" \/>\n<script type=\"application\/ld+json\" class=\"yoast-schema-graph\">{\"@context\":\"https:\\\/\\\/schema.org\",\"@graph\":[{\"@type\":\"WebPage\",\"@id\":\"https:\\\/\\\/www.ildefonsoespinosa.com\\\/tienda\\\/pack-4x250ml-aove-mix7-temprano-24-25\\\/\",\"url\":\"https:\\\/\\\/www.ildefonsoespinosa.com\\\/tienda\\\/pack-4x250ml-aove-mix7-temprano-24-25\\\/\",\"name\":\"PACK 4x250ML AOVE MIX TEMPRANO NUEVA COSECHA 25\\\/26 - Ildefonso Espinosa\",\"isPartOf\":{\"@id\":\"https:\\\/\\\/www.ildefonsoespinosa.com\\\/#website\"},\"primaryImageOfPage\":{\"@id\":\"https:\\\/\\\/www.ildefonsoespinosa.com\\\/tienda\\\/pack-4x250ml-aove-mix7-temprano-24-25\\\/#primaryimage\"},\"image\":{\"@id\":\"https:\\\/\\\/www.ildefonsoespinosa.com\\\/tienda\\\/pack-4x250ml-aove-mix7-temprano-24-25\\\/#primaryimage\"},\"thumbnailUrl\":\"https:\\\/\\\/www.ildefonsoespinosa.com\\\/wp-content\\\/uploads\\\/2022\\\/10\\\/pack-3-variedades.jpg\",\"datePublished\":\"2022-10-18T10:18:29+00:00\",\"dateModified\":\"2026-03-26T10:30:32+00:00\",\"breadcrumb\":{\"@id\":\"https:\\\/\\\/www.ildefonsoespinosa.com\\\/tienda\\\/pack-4x250ml-aove-mix7-temprano-24-25\\\/#breadcrumb\"},\"inLanguage\":\"fr-FR\",\"potentialAction\":[{\"@type\":\"ReadAction\",\"target\":[\"https:\\\/\\\/www.ildefonsoespinosa.com\\\/tienda\\\/pack-4x250ml-aove-mix7-temprano-24-25\\\/\"]}]},{\"@type\":\"ImageObject\",\"inLanguage\":\"fr-FR\",\"@id\":\"https:\\\/\\\/www.ildefonsoespinosa.com\\\/tienda\\\/pack-4x250ml-aove-mix7-temprano-24-25\\\/#primaryimage\",\"url\":\"https:\\\/\\\/www.ildefonsoespinosa.com\\\/wp-content\\\/uploads\\\/2022\\\/10\\\/pack-3-variedades.jpg\",\"contentUrl\":\"https:\\\/\\\/www.ildefonsoespinosa.com\\\/wp-content\\\/uploads\\\/2022\\\/10\\\/pack-3-variedades.jpg\",\"width\":1859,\"height\":1858},{\"@type\":\"BreadcrumbList\",\"@id\":\"https:\\\/\\\/www.ildefonsoespinosa.com\\\/tienda\\\/pack-4x250ml-aove-mix7-temprano-24-25\\\/#breadcrumb\",\"itemListElement\":[{\"@type\":\"ListItem\",\"position\":1,\"name\":\"Portada\",\"item\":\"https:\\\/\\\/www.ildefonsoespinosa.com\\\/fr\\\/\"},{\"@type\":\"ListItem\",\"position\":2,\"name\":\"Shop\",\"item\":\"https:\\\/\\\/www.ildefonsoespinosa.com\\\/fr\\\/boutique\\\/\"},{\"@type\":\"ListItem\",\"position\":3,\"name\":\"PACK 4x250ML AOVE MIX TEMPRANO NUEVA COSECHA 25\\\/26\"}]},{\"@type\":\"WebSite\",\"@id\":\"https:\\\/\\\/www.ildefonsoespinosa.com\\\/#website\",\"url\":\"https:\\\/\\\/www.ildefonsoespinosa.com\\\/\",\"name\":\"Ildefonso Espinosa\",\"description\":\"Aceite genuino desde 1956\",\"publisher\":{\"@id\":\"https:\\\/\\\/www.ildefonsoespinosa.com\\\/#organization\"},\"potentialAction\":[{\"@type\":\"SearchAction\",\"target\":{\"@type\":\"EntryPoint\",\"urlTemplate\":\"https:\\\/\\\/www.ildefonsoespinosa.com\\\/?s={search_term_string}\"},\"query-input\":{\"@type\":\"PropertyValueSpecification\",\"valueRequired\":true,\"valueName\":\"search_term_string\"}}],\"inLanguage\":\"fr-FR\"},{\"@type\":\"Organization\",\"@id\":\"https:\\\/\\\/www.ildefonsoespinosa.com\\\/#organization\",\"name\":\"Ildefonso Espinosa\",\"url\":\"https:\\\/\\\/www.ildefonsoespinosa.com\\\/\",\"logo\":{\"@type\":\"ImageObject\",\"inLanguage\":\"fr-FR\",\"@id\":\"https:\\\/\\\/www.ildefonsoespinosa.com\\\/#\\\/schema\\\/logo\\\/image\\\/\",\"url\":\"https:\\\/\\\/www.ildefonsoespinosa.com\\\/wp-content\\\/uploads\\\/2023\\\/09\\\/cropped-Logo-vertical-sin-com-3.png\",\"contentUrl\":\"https:\\\/\\\/www.ildefonsoespinosa.com\\\/wp-content\\\/uploads\\\/2023\\\/09\\\/cropped-Logo-vertical-sin-com-3.png\",\"width\":212,\"height\":132,\"caption\":\"Ildefonso Espinosa\"},\"image\":{\"@id\":\"https:\\\/\\\/www.ildefonsoespinosa.com\\\/#\\\/schema\\\/logo\\\/image\\\/\"}}]}<\/script>\n<!-- \/ Yoast SEO plugin. -->","yoast_head_json":{"title":"PACK 4x250ML AOVE MIX TEMPRANO NUEVA COSECHA 25\/26 - Ildefonso Espinosa","robots":{"index":"index","follow":"follow","max-snippet":"max-snippet:-1","max-image-preview":"max-image-preview:large","max-video-preview":"max-video-preview:-1"},"canonical":"https:\/\/www.ildefonsoespinosa.com\/tienda\/pack-4x250ml-aove-mix7-temprano-24-25\/","og_locale":"fr_FR","og_type":"article","og_title":"PACK 4x250ML AOVE MIX TEMPRANO NUEVA COSECHA 25\/26 - Ildefonso Espinosa","og_description":"Pack compuesto por 4 botellas de 250ml de AOVE temprano: 2 botellas de la variedad Picual \u00a0y 2 botellas de la variedad Frantoio (Arbequina agotado)  Aceite elaborado a partir de aceituna temprana procedente de una selecci\u00f3n de parajes y fincas singulares ubicados en las poblaciones de Jabalquinto, Campillo del R\u00edo, Guarrom\u00e1n y Pegalajar (Ja\u00e9n). La recolecci\u00f3n se efect\u00faa al amanecer durante el mes de octubre mediante t\u00e9cnicas totalmente artesanales. Elaborado en fr\u00edo y con todo nuestro esmero para ti.","og_url":"https:\/\/www.ildefonsoespinosa.com\/tienda\/pack-4x250ml-aove-mix7-temprano-24-25\/","og_site_name":"Ildefonso Espinosa","article_modified_time":"2026-03-26T10:30:32+00:00","og_image":[{"width":1859,"height":1858,"url":"https:\/\/www.ildefonsoespinosa.com\/wp-content\/uploads\/2022\/10\/pack-3-variedades.jpg","type":"image\/jpeg"}],"twitter_card":"summary_large_image","schema":{"@context":"https:\/\/schema.org","@graph":[{"@type":"WebPage","@id":"https:\/\/www.ildefonsoespinosa.com\/tienda\/pack-4x250ml-aove-mix7-temprano-24-25\/","url":"https:\/\/www.ildefonsoespinosa.com\/tienda\/pack-4x250ml-aove-mix7-temprano-24-25\/","name":"PACK 4x250ML AOVE MIX TEMPRANO NUEVA COSECHA 25\/26 - Ildefonso Espinosa","isPartOf":{"@id":"https:\/\/www.ildefonsoespinosa.com\/#website"},"primaryImageOfPage":{"@id":"https:\/\/www.ildefonsoespinosa.com\/tienda\/pack-4x250ml-aove-mix7-temprano-24-25\/#primaryimage"},"image":{"@id":"https:\/\/www.ildefonsoespinosa.com\/tienda\/pack-4x250ml-aove-mix7-temprano-24-25\/#primaryimage"},"thumbnailUrl":"https:\/\/www.ildefonsoespinosa.com\/wp-content\/uploads\/2022\/10\/pack-3-variedades.jpg","datePublished":"2022-10-18T10:18:29+00:00","dateModified":"2026-03-26T10:30:32+00:00","breadcrumb":{"@id":"https:\/\/www.ildefonsoespinosa.com\/tienda\/pack-4x250ml-aove-mix7-temprano-24-25\/#breadcrumb"},"inLanguage":"fr-FR","potentialAction":[{"@type":"ReadAction","target":["https:\/\/www.ildefonsoespinosa.com\/tienda\/pack-4x250ml-aove-mix7-temprano-24-25\/"]}]},{"@type":"ImageObject","inLanguage":"fr-FR","@id":"https:\/\/www.ildefonsoespinosa.com\/tienda\/pack-4x250ml-aove-mix7-temprano-24-25\/#primaryimage","url":"https:\/\/www.ildefonsoespinosa.com\/wp-content\/uploads\/2022\/10\/pack-3-variedades.jpg","contentUrl":"https:\/\/www.ildefonsoespinosa.com\/wp-content\/uploads\/2022\/10\/pack-3-variedades.jpg","width":1859,"height":1858},{"@type":"BreadcrumbList","@id":"https:\/\/www.ildefonsoespinosa.com\/tienda\/pack-4x250ml-aove-mix7-temprano-24-25\/#breadcrumb","itemListElement":[{"@type":"ListItem","position":1,"name":"Portada","item":"https:\/\/www.ildefonsoespinosa.com\/fr\/"},{"@type":"ListItem","position":2,"name":"Shop","item":"https:\/\/www.ildefonsoespinosa.com\/fr\/boutique\/"},{"@type":"ListItem","position":3,"name":"PACK 4x250ML AOVE MIX TEMPRANO NUEVA COSECHA 25\/26"}]},{"@type":"WebSite","@id":"https:\/\/www.ildefonsoespinosa.com\/#website","url":"https:\/\/www.ildefonsoespinosa.com\/","name":"Ildefonso Espinosa","description":"Aceite genuino desde 1956","publisher":{"@id":"https:\/\/www.ildefonsoespinosa.com\/#organization"},"potentialAction":[{"@type":"SearchAction","target":{"@type":"EntryPoint","urlTemplate":"https:\/\/www.ildefonsoespinosa.com\/?s={search_term_string}"},"query-input":{"@type":"PropertyValueSpecification","valueRequired":true,"valueName":"search_term_string"}}],"inLanguage":"fr-FR"},{"@type":"Organization","@id":"https:\/\/www.ildefonsoespinosa.com\/#organization","name":"Ildefonso Espinosa","url":"https:\/\/www.ildefonsoespinosa.com\/","logo":{"@type":"ImageObject","inLanguage":"fr-FR","@id":"https:\/\/www.ildefonsoespinosa.com\/#\/schema\/logo\/image\/","url":"https:\/\/www.ildefonsoespinosa.com\/wp-content\/uploads\/2023\/09\/cropped-Logo-vertical-sin-com-3.png","contentUrl":"https:\/\/www.ildefonsoespinosa.com\/wp-content\/uploads\/2023\/09\/cropped-Logo-vertical-sin-com-3.png","width":212,"height":132,"caption":"Ildefonso Espinosa"},"image":{"@id":"https:\/\/www.ildefonsoespinosa.com\/#\/schema\/logo\/image\/"}}]}},"_links":{"self":[{"href":"https:\/\/www.ildefonsoespinosa.com\/fr\/wp-json\/wp\/v2\/product\/1058","targetHints":{"allow":["GET"]}}],"collection":[{"href":"https:\/\/www.ildefonsoespinosa.com\/fr\/wp-json\/wp\/v2\/product"}],"about":[{"href":"https:\/\/www.ildefonsoespinosa.com\/fr\/wp-json\/wp\/v2\/types\/product"}],"replies":[{"embeddable":true,"href":"https:\/\/www.ildefonsoespinosa.com\/fr\/wp-json\/wp\/v2\/comments?post=1058"}],"wp:featuredmedia":[{"embeddable":true,"href":"https:\/\/www.ildefonsoespinosa.com\/fr\/wp-json\/wp\/v2\/media\/3360"}],"wp:attachment":[{"href":"https:\/\/www.ildefonsoespinosa.com\/fr\/wp-json\/wp\/v2\/media?parent=1058"}],"wp:term":[{"taxonomy":"product_brand","embeddable":true,"href":"https:\/\/www.ildefonsoespinosa.com\/fr\/wp-json\/wp\/v2\/product_brand?post=1058"},{"taxonomy":"product_cat","embeddable":true,"href":"https:\/\/www.ildefonsoespinosa.com\/fr\/wp-json\/wp\/v2\/product_cat?post=1058"},{"taxonomy":"product_tag","embeddable":true,"href":"https:\/\/www.ildefonsoespinosa.com\/fr\/wp-json\/wp\/v2\/product_tag?post=1058"}],"curies":[{"name":"wp","href":"https:\/\/api.w.org\/{rel}","templated":true}]}}