{"id":1078,"date":"2022-10-18T13:15:02","date_gmt":"2022-10-18T11:15:02","guid":{"rendered":"https:\/\/www.ildefonsoespinosa.com\/?post_type=product&#038;p=1078"},"modified":"2026-03-26T11:26:16","modified_gmt":"2026-03-26T10:26:16","slug":"caja-15x250ml-aove-arbequina-temprano","status":"publish","type":"product","link":"https:\/\/www.ildefonsoespinosa.com\/fr\/tienda\/caja-15x250ml-aove-arbequina-temprano\/","title":{"rendered":"CAJA 15x250ML AOVE ARBEQUINA TEMPRANO NUEVA COSECHA 25\/26"},"content":{"rendered":"<p><strong>NOTA DE CATA: <\/strong>Perfil de frutado maduro medio leve. En boca es dulce, con punta de picante suave, un amargo suave y astringencia leve en boca.\u00a0\u00a0El conjunto resulta un aceite maduro y dulce, suave en boca y nariz.<\/p>\n<p><strong>MARIDAJE:<\/strong> Es un aceite ideal tanto para utilizar en la cocina, como para consumir en crudo en un buen pan con tomate, por su sabor dulce y suave. Indicado para aquel consumidor que busca un aceite fino y dulce.<\/p>\n","protected":false},"excerpt":{"rendered":"<p>Caja con 15 botellas de 250 ml. de <strong>AOVE temprano<\/strong> \u00a0de la variedad <strong>Arbequina<\/strong>.<\/p>\n<p>Aceite elaborado a partir de aceituna temprana de la variedad <strong>arbequina<\/strong> procedente de una selecci\u00f3n de parajes y fincas singulares ubicados en las poblaciones de <strong>Jabalquinto y Guarrom\u00e1n (Ja\u00e9n)<\/strong>. La recolecci\u00f3n se efect\u00faa al amanecer durante el mes de octubre mediante t\u00e9cnicas totalmente artesanales. <strong>Elaborado en fr\u00edo<\/strong> y con todo nuestro esmero para ti.<\/p>\n<p>Es un aceite de oliva que posee una gran suavidad, es ligero, tiene un olor afrutado, un llamativo color verde y es de tacto agradable y delicado. Predomina los matices de aromas de frutos secos e incluso pueden aparecer matices de frutos maduros.<\/p>\n","protected":false},"featured_media":3349,"comment_status":"closed","ping_status":"closed","template":"","meta":{"_et_pb_use_builder":"","_et_pb_old_content":"","_et_gb_content_width":"","_joinchat":[]},"product_brand":[],"product_cat":[25,21],"product_tag":[50],"class_list":{"0":"post-1078","1":"product","2":"type-product","3":"status-publish","4":"has-post-thumbnail","6":"product_cat-aove-arbequina","7":"product_cat-aove-no7-temprano","8":"product_tag-cosecha-2025-2026","10":"first","11":"outofstock","12":"taxable","13":"shipping-taxable","14":"purchasable","15":"product-type-simple"},"yoast_head":"<!-- This site is optimized with the Yoast SEO plugin v27.4 - https:\/\/yoast.com\/product\/yoast-seo-wordpress\/ -->\n<title>CAJA 15x250ML AOVE ARBEQUINA TEMPRANO NUEVA COSECHA 25\/26 - Ildefonso Espinosa<\/title>\n<meta name=\"robots\" content=\"index, follow, max-snippet:-1, max-image-preview:large, max-video-preview:-1\" \/>\n<link rel=\"canonical\" href=\"https:\/\/www.ildefonsoespinosa.com\/tienda\/caja-15x250ml-aove-arbequina-temprano\/\" \/>\n<meta property=\"og:locale\" content=\"fr_FR\" \/>\n<meta property=\"og:type\" content=\"article\" \/>\n<meta property=\"og:title\" content=\"CAJA 15x250ML AOVE ARBEQUINA TEMPRANO NUEVA COSECHA 25\/26 - Ildefonso Espinosa\" \/>\n<meta property=\"og:description\" content=\"Caja con 15 botellas de 250 ml. de AOVE temprano \u00a0de la variedad Arbequina.  Aceite elaborado a partir de aceituna temprana de la variedad arbequina procedente de una selecci\u00f3n de parajes y fincas singulares ubicados en las poblaciones de Jabalquinto y Guarrom\u00e1n (Ja\u00e9n). La recolecci\u00f3n se efect\u00faa al amanecer durante el mes de octubre mediante t\u00e9cnicas totalmente artesanales. Elaborado en fr\u00edo y con todo nuestro esmero para ti.  Es un aceite de oliva que posee una gran suavidad, es ligero, tiene un olor afrutado, un llamativo color verde y es de tacto agradable y delicado. Predomina los matices de aromas de frutos secos e incluso pueden aparecer matices de frutos maduros.\" \/>\n<meta property=\"og:url\" content=\"https:\/\/www.ildefonsoespinosa.com\/tienda\/caja-15x250ml-aove-arbequina-temprano\/\" \/>\n<meta property=\"og:site_name\" content=\"Ildefonso Espinosa\" \/>\n<meta property=\"article:modified_time\" content=\"2026-03-26T10:26:16+00:00\" \/>\n<meta property=\"og:image\" content=\"https:\/\/www.ildefonsoespinosa.com\/wp-content\/uploads\/2022\/10\/Dorica-250-A-2526.png\" \/>\n\t<meta property=\"og:image:width\" content=\"1859\" \/>\n\t<meta property=\"og:image:height\" content=\"1858\" \/>\n\t<meta property=\"og:image:type\" content=\"image\/png\" \/>\n<meta name=\"twitter:card\" content=\"summary_large_image\" \/>\n<script type=\"application\/ld+json\" class=\"yoast-schema-graph\">{\"@context\":\"https:\\\/\\\/schema.org\",\"@graph\":[{\"@type\":\"WebPage\",\"@id\":\"https:\\\/\\\/www.ildefonsoespinosa.com\\\/tienda\\\/caja-15x250ml-aove-arbequina-temprano\\\/\",\"url\":\"https:\\\/\\\/www.ildefonsoespinosa.com\\\/tienda\\\/caja-15x250ml-aove-arbequina-temprano\\\/\",\"name\":\"CAJA 15x250ML AOVE ARBEQUINA TEMPRANO NUEVA COSECHA 25\\\/26 - Ildefonso Espinosa\",\"isPartOf\":{\"@id\":\"https:\\\/\\\/www.ildefonsoespinosa.com\\\/#website\"},\"primaryImageOfPage\":{\"@id\":\"https:\\\/\\\/www.ildefonsoespinosa.com\\\/tienda\\\/caja-15x250ml-aove-arbequina-temprano\\\/#primaryimage\"},\"image\":{\"@id\":\"https:\\\/\\\/www.ildefonsoespinosa.com\\\/tienda\\\/caja-15x250ml-aove-arbequina-temprano\\\/#primaryimage\"},\"thumbnailUrl\":\"https:\\\/\\\/www.ildefonsoespinosa.com\\\/wp-content\\\/uploads\\\/2022\\\/10\\\/Dorica-250-A-2526.png\",\"datePublished\":\"2022-10-18T11:15:02+00:00\",\"dateModified\":\"2026-03-26T10:26:16+00:00\",\"breadcrumb\":{\"@id\":\"https:\\\/\\\/www.ildefonsoespinosa.com\\\/tienda\\\/caja-15x250ml-aove-arbequina-temprano\\\/#breadcrumb\"},\"inLanguage\":\"fr-FR\",\"potentialAction\":[{\"@type\":\"ReadAction\",\"target\":[\"https:\\\/\\\/www.ildefonsoespinosa.com\\\/tienda\\\/caja-15x250ml-aove-arbequina-temprano\\\/\"]}]},{\"@type\":\"ImageObject\",\"inLanguage\":\"fr-FR\",\"@id\":\"https:\\\/\\\/www.ildefonsoespinosa.com\\\/tienda\\\/caja-15x250ml-aove-arbequina-temprano\\\/#primaryimage\",\"url\":\"https:\\\/\\\/www.ildefonsoespinosa.com\\\/wp-content\\\/uploads\\\/2022\\\/10\\\/Dorica-250-A-2526.png\",\"contentUrl\":\"https:\\\/\\\/www.ildefonsoespinosa.com\\\/wp-content\\\/uploads\\\/2022\\\/10\\\/Dorica-250-A-2526.png\",\"width\":1859,\"height\":1858},{\"@type\":\"BreadcrumbList\",\"@id\":\"https:\\\/\\\/www.ildefonsoespinosa.com\\\/tienda\\\/caja-15x250ml-aove-arbequina-temprano\\\/#breadcrumb\",\"itemListElement\":[{\"@type\":\"ListItem\",\"position\":1,\"name\":\"Portada\",\"item\":\"https:\\\/\\\/www.ildefonsoespinosa.com\\\/fr\\\/\"},{\"@type\":\"ListItem\",\"position\":2,\"name\":\"Shop\",\"item\":\"https:\\\/\\\/www.ildefonsoespinosa.com\\\/fr\\\/boutique\\\/\"},{\"@type\":\"ListItem\",\"position\":3,\"name\":\"CAJA 15x250ML AOVE ARBEQUINA TEMPRANO NUEVA COSECHA 25\\\/26\"}]},{\"@type\":\"WebSite\",\"@id\":\"https:\\\/\\\/www.ildefonsoespinosa.com\\\/#website\",\"url\":\"https:\\\/\\\/www.ildefonsoespinosa.com\\\/\",\"name\":\"Ildefonso Espinosa\",\"description\":\"Aceite genuino desde 1956\",\"publisher\":{\"@id\":\"https:\\\/\\\/www.ildefonsoespinosa.com\\\/#organization\"},\"potentialAction\":[{\"@type\":\"SearchAction\",\"target\":{\"@type\":\"EntryPoint\",\"urlTemplate\":\"https:\\\/\\\/www.ildefonsoespinosa.com\\\/?s={search_term_string}\"},\"query-input\":{\"@type\":\"PropertyValueSpecification\",\"valueRequired\":true,\"valueName\":\"search_term_string\"}}],\"inLanguage\":\"fr-FR\"},{\"@type\":\"Organization\",\"@id\":\"https:\\\/\\\/www.ildefonsoespinosa.com\\\/#organization\",\"name\":\"Ildefonso Espinosa\",\"url\":\"https:\\\/\\\/www.ildefonsoespinosa.com\\\/\",\"logo\":{\"@type\":\"ImageObject\",\"inLanguage\":\"fr-FR\",\"@id\":\"https:\\\/\\\/www.ildefonsoespinosa.com\\\/#\\\/schema\\\/logo\\\/image\\\/\",\"url\":\"https:\\\/\\\/www.ildefonsoespinosa.com\\\/wp-content\\\/uploads\\\/2023\\\/09\\\/cropped-Logo-vertical-sin-com-3.png\",\"contentUrl\":\"https:\\\/\\\/www.ildefonsoespinosa.com\\\/wp-content\\\/uploads\\\/2023\\\/09\\\/cropped-Logo-vertical-sin-com-3.png\",\"width\":212,\"height\":132,\"caption\":\"Ildefonso Espinosa\"},\"image\":{\"@id\":\"https:\\\/\\\/www.ildefonsoespinosa.com\\\/#\\\/schema\\\/logo\\\/image\\\/\"}}]}<\/script>\n<!-- \/ Yoast SEO plugin. -->","yoast_head_json":{"title":"CAJA 15x250ML AOVE ARBEQUINA TEMPRANO NUEVA COSECHA 25\/26 - Ildefonso Espinosa","robots":{"index":"index","follow":"follow","max-snippet":"max-snippet:-1","max-image-preview":"max-image-preview:large","max-video-preview":"max-video-preview:-1"},"canonical":"https:\/\/www.ildefonsoespinosa.com\/tienda\/caja-15x250ml-aove-arbequina-temprano\/","og_locale":"fr_FR","og_type":"article","og_title":"CAJA 15x250ML AOVE ARBEQUINA TEMPRANO NUEVA COSECHA 25\/26 - Ildefonso Espinosa","og_description":"Caja con 15 botellas de 250 ml. de AOVE temprano \u00a0de la variedad Arbequina.  Aceite elaborado a partir de aceituna temprana de la variedad arbequina procedente de una selecci\u00f3n de parajes y fincas singulares ubicados en las poblaciones de Jabalquinto y Guarrom\u00e1n (Ja\u00e9n). La recolecci\u00f3n se efect\u00faa al amanecer durante el mes de octubre mediante t\u00e9cnicas totalmente artesanales. Elaborado en fr\u00edo y con todo nuestro esmero para ti.  Es un aceite de oliva que posee una gran suavidad, es ligero, tiene un olor afrutado, un llamativo color verde y es de tacto agradable y delicado. Predomina los matices de aromas de frutos secos e incluso pueden aparecer matices de frutos maduros.","og_url":"https:\/\/www.ildefonsoespinosa.com\/tienda\/caja-15x250ml-aove-arbequina-temprano\/","og_site_name":"Ildefonso Espinosa","article_modified_time":"2026-03-26T10:26:16+00:00","og_image":[{"width":1859,"height":1858,"url":"https:\/\/www.ildefonsoespinosa.com\/wp-content\/uploads\/2022\/10\/Dorica-250-A-2526.png","type":"image\/png"}],"twitter_card":"summary_large_image","schema":{"@context":"https:\/\/schema.org","@graph":[{"@type":"WebPage","@id":"https:\/\/www.ildefonsoespinosa.com\/tienda\/caja-15x250ml-aove-arbequina-temprano\/","url":"https:\/\/www.ildefonsoespinosa.com\/tienda\/caja-15x250ml-aove-arbequina-temprano\/","name":"CAJA 15x250ML AOVE ARBEQUINA TEMPRANO NUEVA COSECHA 25\/26 - Ildefonso Espinosa","isPartOf":{"@id":"https:\/\/www.ildefonsoespinosa.com\/#website"},"primaryImageOfPage":{"@id":"https:\/\/www.ildefonsoespinosa.com\/tienda\/caja-15x250ml-aove-arbequina-temprano\/#primaryimage"},"image":{"@id":"https:\/\/www.ildefonsoespinosa.com\/tienda\/caja-15x250ml-aove-arbequina-temprano\/#primaryimage"},"thumbnailUrl":"https:\/\/www.ildefonsoespinosa.com\/wp-content\/uploads\/2022\/10\/Dorica-250-A-2526.png","datePublished":"2022-10-18T11:15:02+00:00","dateModified":"2026-03-26T10:26:16+00:00","breadcrumb":{"@id":"https:\/\/www.ildefonsoespinosa.com\/tienda\/caja-15x250ml-aove-arbequina-temprano\/#breadcrumb"},"inLanguage":"fr-FR","potentialAction":[{"@type":"ReadAction","target":["https:\/\/www.ildefonsoespinosa.com\/tienda\/caja-15x250ml-aove-arbequina-temprano\/"]}]},{"@type":"ImageObject","inLanguage":"fr-FR","@id":"https:\/\/www.ildefonsoespinosa.com\/tienda\/caja-15x250ml-aove-arbequina-temprano\/#primaryimage","url":"https:\/\/www.ildefonsoespinosa.com\/wp-content\/uploads\/2022\/10\/Dorica-250-A-2526.png","contentUrl":"https:\/\/www.ildefonsoespinosa.com\/wp-content\/uploads\/2022\/10\/Dorica-250-A-2526.png","width":1859,"height":1858},{"@type":"BreadcrumbList","@id":"https:\/\/www.ildefonsoespinosa.com\/tienda\/caja-15x250ml-aove-arbequina-temprano\/#breadcrumb","itemListElement":[{"@type":"ListItem","position":1,"name":"Portada","item":"https:\/\/www.ildefonsoespinosa.com\/fr\/"},{"@type":"ListItem","position":2,"name":"Shop","item":"https:\/\/www.ildefonsoespinosa.com\/fr\/boutique\/"},{"@type":"ListItem","position":3,"name":"CAJA 15x250ML AOVE ARBEQUINA TEMPRANO NUEVA COSECHA 25\/26"}]},{"@type":"WebSite","@id":"https:\/\/www.ildefonsoespinosa.com\/#website","url":"https:\/\/www.ildefonsoespinosa.com\/","name":"Ildefonso Espinosa","description":"Aceite genuino desde 1956","publisher":{"@id":"https:\/\/www.ildefonsoespinosa.com\/#organization"},"potentialAction":[{"@type":"SearchAction","target":{"@type":"EntryPoint","urlTemplate":"https:\/\/www.ildefonsoespinosa.com\/?s={search_term_string}"},"query-input":{"@type":"PropertyValueSpecification","valueRequired":true,"valueName":"search_term_string"}}],"inLanguage":"fr-FR"},{"@type":"Organization","@id":"https:\/\/www.ildefonsoespinosa.com\/#organization","name":"Ildefonso Espinosa","url":"https:\/\/www.ildefonsoespinosa.com\/","logo":{"@type":"ImageObject","inLanguage":"fr-FR","@id":"https:\/\/www.ildefonsoespinosa.com\/#\/schema\/logo\/image\/","url":"https:\/\/www.ildefonsoespinosa.com\/wp-content\/uploads\/2023\/09\/cropped-Logo-vertical-sin-com-3.png","contentUrl":"https:\/\/www.ildefonsoespinosa.com\/wp-content\/uploads\/2023\/09\/cropped-Logo-vertical-sin-com-3.png","width":212,"height":132,"caption":"Ildefonso Espinosa"},"image":{"@id":"https:\/\/www.ildefonsoespinosa.com\/#\/schema\/logo\/image\/"}}]}},"_links":{"self":[{"href":"https:\/\/www.ildefonsoespinosa.com\/fr\/wp-json\/wp\/v2\/product\/1078","targetHints":{"allow":["GET"]}}],"collection":[{"href":"https:\/\/www.ildefonsoespinosa.com\/fr\/wp-json\/wp\/v2\/product"}],"about":[{"href":"https:\/\/www.ildefonsoespinosa.com\/fr\/wp-json\/wp\/v2\/types\/product"}],"replies":[{"embeddable":true,"href":"https:\/\/www.ildefonsoespinosa.com\/fr\/wp-json\/wp\/v2\/comments?post=1078"}],"wp:featuredmedia":[{"embeddable":true,"href":"https:\/\/www.ildefonsoespinosa.com\/fr\/wp-json\/wp\/v2\/media\/3349"}],"wp:attachment":[{"href":"https:\/\/www.ildefonsoespinosa.com\/fr\/wp-json\/wp\/v2\/media?parent=1078"}],"wp:term":[{"taxonomy":"product_brand","embeddable":true,"href":"https:\/\/www.ildefonsoespinosa.com\/fr\/wp-json\/wp\/v2\/product_brand?post=1078"},{"taxonomy":"product_cat","embeddable":true,"href":"https:\/\/www.ildefonsoespinosa.com\/fr\/wp-json\/wp\/v2\/product_cat?post=1078"},{"taxonomy":"product_tag","embeddable":true,"href":"https:\/\/www.ildefonsoespinosa.com\/fr\/wp-json\/wp\/v2\/product_tag?post=1078"}],"curies":[{"name":"wp","href":"https:\/\/api.w.org\/{rel}","templated":true}]}}