{"id":1574,"date":"2023-05-15T11:57:12","date_gmt":"2023-05-15T09:57:12","guid":{"rendered":"https:\/\/www.ildefonsoespinosa.com\/?post_type=product&#038;p=1574"},"modified":"2025-10-22T11:36:33","modified_gmt":"2025-10-22T09:36:33","slug":"caja-6x500ml-aove-mix-temprano-24-25","status":"publish","type":"product","link":"https:\/\/www.ildefonsoespinosa.com\/fr\/tienda\/caja-6x500ml-aove-mix-temprano-24-25\/","title":{"rendered":"CAJA 6x500ML AOVE PICUAL TEMPRANO NUEVA COSECHA 25\/26"},"content":{"rendered":"<p><strong>NOTA DE CATA:<\/strong>\u00a0Es un aceite de oliva de un color verde intenso, precioso. En boca intenso, sabor afrutado con ligero picante que desaparece en boca. Su aroma espectacular en el que podemos distinguir notas de tomate maduro con matices de pepita verde y hoja de higuera. Aroma frutado que atrapa<\/p>\n<p><strong>MARIDAJE<\/strong>:\u00a0Es un aceite ideal tanto para utilizar con pastas, verduras a la parrilla, pescados a la parrilla y delicioso con huevos y patatas.<\/p>\n","protected":false},"excerpt":{"rendered":"<p>Caja con 6 botellas de 500 ml. de <strong>AOVE temprano<\/strong> de la variedad <strong>Picual<\/strong>.<\/p>\n<p>Nuestro primer y mejor aceite. Elaborado a partir de aceituna temprana de la variedad <strong>picual<\/strong> procedente de una selecci\u00f3n de parajes y fincas singulares ubicados en el parque natural de <strong>Sierra M\u00e1gina<\/strong> (Ja\u00e9n). La recolecci\u00f3n se efect\u00faa al amanecer durante el mes de octubre mediante t\u00e9cnicas totalmente artesanales. <strong>Elaborado en fr\u00edo<\/strong> y con todo nuestro esmero para ti.<\/p>\n<p>Verde intenso, precioso, y aroma frutado que atrapa.<\/p>\n<p>Todo un placer para la vista y el paladar, sin duda, un Gran Aceite para degustar en crudo.<\/p>\n","protected":false},"featured_media":3333,"comment_status":"closed","ping_status":"closed","template":"","meta":{"_et_pb_use_builder":"","_et_pb_old_content":"","_et_gb_content_width":"","_joinchat":[]},"product_brand":[],"product_cat":[21,42],"product_tag":[],"class_list":{"0":"post-1574","1":"product","2":"type-product","3":"status-publish","4":"has-post-thumbnail","6":"product_cat-aove-no7-temprano","7":"product_cat-aove-temprano","9":"first","10":"instock","11":"taxable","12":"shipping-taxable","13":"purchasable","14":"product-type-simple"},"yoast_head":"<!-- This site is optimized with the Yoast SEO plugin v27.4 - https:\/\/yoast.com\/product\/yoast-seo-wordpress\/ -->\n<title>CAJA 6x500ML AOVE PICUAL TEMPRANO NUEVA COSECHA 25\/26 - Ildefonso Espinosa<\/title>\n<meta name=\"robots\" content=\"index, follow, max-snippet:-1, max-image-preview:large, max-video-preview:-1\" \/>\n<link rel=\"canonical\" href=\"https:\/\/www.ildefonsoespinosa.com\/tienda\/caja-6x500ml-aove-mix-temprano-24-25\/\" \/>\n<meta property=\"og:locale\" content=\"fr_FR\" \/>\n<meta property=\"og:type\" content=\"article\" \/>\n<meta property=\"og:title\" content=\"CAJA 6x500ML AOVE PICUAL TEMPRANO NUEVA COSECHA 25\/26 - Ildefonso Espinosa\" \/>\n<meta property=\"og:description\" content=\"Caja con 6 botellas de 500 ml. de AOVE temprano de la variedad Picual.  Nuestro primer y mejor aceite. Elaborado a partir de aceituna temprana de la variedad picual procedente de una selecci\u00f3n de parajes y fincas singulares ubicados en el parque natural de Sierra M\u00e1gina (Ja\u00e9n). La recolecci\u00f3n se efect\u00faa al amanecer durante el mes de octubre mediante t\u00e9cnicas totalmente artesanales. Elaborado en fr\u00edo y con todo nuestro esmero para ti.  Verde intenso, precioso, y aroma frutado que atrapa.  Todo un placer para la vista y el paladar, sin duda, un Gran Aceite para degustar en crudo.\" \/>\n<meta property=\"og:url\" content=\"https:\/\/www.ildefonsoespinosa.com\/tienda\/caja-6x500ml-aove-mix-temprano-24-25\/\" \/>\n<meta property=\"og:site_name\" content=\"Ildefonso Espinosa\" \/>\n<meta property=\"article:modified_time\" content=\"2025-10-22T09:36:33+00:00\" \/>\n<meta property=\"og:image\" content=\"https:\/\/www.ildefonsoespinosa.com\/wp-content\/uploads\/2023\/05\/Dorica-500-P-2526-1.png\" \/>\n\t<meta property=\"og:image:width\" content=\"1859\" \/>\n\t<meta property=\"og:image:height\" content=\"1863\" \/>\n\t<meta property=\"og:image:type\" content=\"image\/png\" \/>\n<meta name=\"twitter:card\" content=\"summary_large_image\" \/>\n<script type=\"application\/ld+json\" class=\"yoast-schema-graph\">{\"@context\":\"https:\\\/\\\/schema.org\",\"@graph\":[{\"@type\":\"WebPage\",\"@id\":\"https:\\\/\\\/www.ildefonsoespinosa.com\\\/tienda\\\/caja-6x500ml-aove-mix-temprano-24-25\\\/\",\"url\":\"https:\\\/\\\/www.ildefonsoespinosa.com\\\/tienda\\\/caja-6x500ml-aove-mix-temprano-24-25\\\/\",\"name\":\"CAJA 6x500ML AOVE PICUAL TEMPRANO NUEVA COSECHA 25\\\/26 - Ildefonso Espinosa\",\"isPartOf\":{\"@id\":\"https:\\\/\\\/www.ildefonsoespinosa.com\\\/#website\"},\"primaryImageOfPage\":{\"@id\":\"https:\\\/\\\/www.ildefonsoespinosa.com\\\/tienda\\\/caja-6x500ml-aove-mix-temprano-24-25\\\/#primaryimage\"},\"image\":{\"@id\":\"https:\\\/\\\/www.ildefonsoespinosa.com\\\/tienda\\\/caja-6x500ml-aove-mix-temprano-24-25\\\/#primaryimage\"},\"thumbnailUrl\":\"https:\\\/\\\/www.ildefonsoespinosa.com\\\/wp-content\\\/uploads\\\/2023\\\/05\\\/Dorica-500-P-2526-1.png\",\"datePublished\":\"2023-05-15T09:57:12+00:00\",\"dateModified\":\"2025-10-22T09:36:33+00:00\",\"breadcrumb\":{\"@id\":\"https:\\\/\\\/www.ildefonsoespinosa.com\\\/tienda\\\/caja-6x500ml-aove-mix-temprano-24-25\\\/#breadcrumb\"},\"inLanguage\":\"fr-FR\",\"potentialAction\":[{\"@type\":\"ReadAction\",\"target\":[\"https:\\\/\\\/www.ildefonsoespinosa.com\\\/tienda\\\/caja-6x500ml-aove-mix-temprano-24-25\\\/\"]}]},{\"@type\":\"ImageObject\",\"inLanguage\":\"fr-FR\",\"@id\":\"https:\\\/\\\/www.ildefonsoespinosa.com\\\/tienda\\\/caja-6x500ml-aove-mix-temprano-24-25\\\/#primaryimage\",\"url\":\"https:\\\/\\\/www.ildefonsoespinosa.com\\\/wp-content\\\/uploads\\\/2023\\\/05\\\/Dorica-500-P-2526-1.png\",\"contentUrl\":\"https:\\\/\\\/www.ildefonsoespinosa.com\\\/wp-content\\\/uploads\\\/2023\\\/05\\\/Dorica-500-P-2526-1.png\",\"width\":1859,\"height\":1863},{\"@type\":\"BreadcrumbList\",\"@id\":\"https:\\\/\\\/www.ildefonsoespinosa.com\\\/tienda\\\/caja-6x500ml-aove-mix-temprano-24-25\\\/#breadcrumb\",\"itemListElement\":[{\"@type\":\"ListItem\",\"position\":1,\"name\":\"Portada\",\"item\":\"https:\\\/\\\/www.ildefonsoespinosa.com\\\/fr\\\/\"},{\"@type\":\"ListItem\",\"position\":2,\"name\":\"Shop\",\"item\":\"https:\\\/\\\/www.ildefonsoespinosa.com\\\/fr\\\/boutique\\\/\"},{\"@type\":\"ListItem\",\"position\":3,\"name\":\"CAJA 6x500ML AOVE PICUAL TEMPRANO NUEVA COSECHA 25\\\/26\"}]},{\"@type\":\"WebSite\",\"@id\":\"https:\\\/\\\/www.ildefonsoespinosa.com\\\/#website\",\"url\":\"https:\\\/\\\/www.ildefonsoespinosa.com\\\/\",\"name\":\"Ildefonso Espinosa\",\"description\":\"Aceite genuino desde 1956\",\"publisher\":{\"@id\":\"https:\\\/\\\/www.ildefonsoespinosa.com\\\/#organization\"},\"potentialAction\":[{\"@type\":\"SearchAction\",\"target\":{\"@type\":\"EntryPoint\",\"urlTemplate\":\"https:\\\/\\\/www.ildefonsoespinosa.com\\\/?s={search_term_string}\"},\"query-input\":{\"@type\":\"PropertyValueSpecification\",\"valueRequired\":true,\"valueName\":\"search_term_string\"}}],\"inLanguage\":\"fr-FR\"},{\"@type\":\"Organization\",\"@id\":\"https:\\\/\\\/www.ildefonsoespinosa.com\\\/#organization\",\"name\":\"Ildefonso Espinosa\",\"url\":\"https:\\\/\\\/www.ildefonsoespinosa.com\\\/\",\"logo\":{\"@type\":\"ImageObject\",\"inLanguage\":\"fr-FR\",\"@id\":\"https:\\\/\\\/www.ildefonsoespinosa.com\\\/#\\\/schema\\\/logo\\\/image\\\/\",\"url\":\"https:\\\/\\\/www.ildefonsoespinosa.com\\\/wp-content\\\/uploads\\\/2023\\\/09\\\/cropped-Logo-vertical-sin-com-3.png\",\"contentUrl\":\"https:\\\/\\\/www.ildefonsoespinosa.com\\\/wp-content\\\/uploads\\\/2023\\\/09\\\/cropped-Logo-vertical-sin-com-3.png\",\"width\":212,\"height\":132,\"caption\":\"Ildefonso Espinosa\"},\"image\":{\"@id\":\"https:\\\/\\\/www.ildefonsoespinosa.com\\\/#\\\/schema\\\/logo\\\/image\\\/\"}}]}<\/script>\n<!-- \/ Yoast SEO plugin. -->","yoast_head_json":{"title":"CAJA 6x500ML AOVE PICUAL TEMPRANO NUEVA COSECHA 25\/26 - Ildefonso Espinosa","robots":{"index":"index","follow":"follow","max-snippet":"max-snippet:-1","max-image-preview":"max-image-preview:large","max-video-preview":"max-video-preview:-1"},"canonical":"https:\/\/www.ildefonsoespinosa.com\/tienda\/caja-6x500ml-aove-mix-temprano-24-25\/","og_locale":"fr_FR","og_type":"article","og_title":"CAJA 6x500ML AOVE PICUAL TEMPRANO NUEVA COSECHA 25\/26 - Ildefonso Espinosa","og_description":"Caja con 6 botellas de 500 ml. de AOVE temprano de la variedad Picual.  Nuestro primer y mejor aceite. Elaborado a partir de aceituna temprana de la variedad picual procedente de una selecci\u00f3n de parajes y fincas singulares ubicados en el parque natural de Sierra M\u00e1gina (Ja\u00e9n). La recolecci\u00f3n se efect\u00faa al amanecer durante el mes de octubre mediante t\u00e9cnicas totalmente artesanales. Elaborado en fr\u00edo y con todo nuestro esmero para ti.  Verde intenso, precioso, y aroma frutado que atrapa.  Todo un placer para la vista y el paladar, sin duda, un Gran Aceite para degustar en crudo.","og_url":"https:\/\/www.ildefonsoespinosa.com\/tienda\/caja-6x500ml-aove-mix-temprano-24-25\/","og_site_name":"Ildefonso Espinosa","article_modified_time":"2025-10-22T09:36:33+00:00","og_image":[{"width":1859,"height":1863,"url":"https:\/\/www.ildefonsoespinosa.com\/wp-content\/uploads\/2023\/05\/Dorica-500-P-2526-1.png","type":"image\/png"}],"twitter_card":"summary_large_image","schema":{"@context":"https:\/\/schema.org","@graph":[{"@type":"WebPage","@id":"https:\/\/www.ildefonsoespinosa.com\/tienda\/caja-6x500ml-aove-mix-temprano-24-25\/","url":"https:\/\/www.ildefonsoespinosa.com\/tienda\/caja-6x500ml-aove-mix-temprano-24-25\/","name":"CAJA 6x500ML AOVE PICUAL TEMPRANO NUEVA COSECHA 25\/26 - Ildefonso Espinosa","isPartOf":{"@id":"https:\/\/www.ildefonsoespinosa.com\/#website"},"primaryImageOfPage":{"@id":"https:\/\/www.ildefonsoespinosa.com\/tienda\/caja-6x500ml-aove-mix-temprano-24-25\/#primaryimage"},"image":{"@id":"https:\/\/www.ildefonsoespinosa.com\/tienda\/caja-6x500ml-aove-mix-temprano-24-25\/#primaryimage"},"thumbnailUrl":"https:\/\/www.ildefonsoespinosa.com\/wp-content\/uploads\/2023\/05\/Dorica-500-P-2526-1.png","datePublished":"2023-05-15T09:57:12+00:00","dateModified":"2025-10-22T09:36:33+00:00","breadcrumb":{"@id":"https:\/\/www.ildefonsoespinosa.com\/tienda\/caja-6x500ml-aove-mix-temprano-24-25\/#breadcrumb"},"inLanguage":"fr-FR","potentialAction":[{"@type":"ReadAction","target":["https:\/\/www.ildefonsoespinosa.com\/tienda\/caja-6x500ml-aove-mix-temprano-24-25\/"]}]},{"@type":"ImageObject","inLanguage":"fr-FR","@id":"https:\/\/www.ildefonsoespinosa.com\/tienda\/caja-6x500ml-aove-mix-temprano-24-25\/#primaryimage","url":"https:\/\/www.ildefonsoespinosa.com\/wp-content\/uploads\/2023\/05\/Dorica-500-P-2526-1.png","contentUrl":"https:\/\/www.ildefonsoespinosa.com\/wp-content\/uploads\/2023\/05\/Dorica-500-P-2526-1.png","width":1859,"height":1863},{"@type":"BreadcrumbList","@id":"https:\/\/www.ildefonsoespinosa.com\/tienda\/caja-6x500ml-aove-mix-temprano-24-25\/#breadcrumb","itemListElement":[{"@type":"ListItem","position":1,"name":"Portada","item":"https:\/\/www.ildefonsoespinosa.com\/fr\/"},{"@type":"ListItem","position":2,"name":"Shop","item":"https:\/\/www.ildefonsoespinosa.com\/fr\/boutique\/"},{"@type":"ListItem","position":3,"name":"CAJA 6x500ML AOVE PICUAL TEMPRANO NUEVA COSECHA 25\/26"}]},{"@type":"WebSite","@id":"https:\/\/www.ildefonsoespinosa.com\/#website","url":"https:\/\/www.ildefonsoespinosa.com\/","name":"Ildefonso Espinosa","description":"Aceite genuino desde 1956","publisher":{"@id":"https:\/\/www.ildefonsoespinosa.com\/#organization"},"potentialAction":[{"@type":"SearchAction","target":{"@type":"EntryPoint","urlTemplate":"https:\/\/www.ildefonsoespinosa.com\/?s={search_term_string}"},"query-input":{"@type":"PropertyValueSpecification","valueRequired":true,"valueName":"search_term_string"}}],"inLanguage":"fr-FR"},{"@type":"Organization","@id":"https:\/\/www.ildefonsoespinosa.com\/#organization","name":"Ildefonso Espinosa","url":"https:\/\/www.ildefonsoespinosa.com\/","logo":{"@type":"ImageObject","inLanguage":"fr-FR","@id":"https:\/\/www.ildefonsoespinosa.com\/#\/schema\/logo\/image\/","url":"https:\/\/www.ildefonsoespinosa.com\/wp-content\/uploads\/2023\/09\/cropped-Logo-vertical-sin-com-3.png","contentUrl":"https:\/\/www.ildefonsoespinosa.com\/wp-content\/uploads\/2023\/09\/cropped-Logo-vertical-sin-com-3.png","width":212,"height":132,"caption":"Ildefonso Espinosa"},"image":{"@id":"https:\/\/www.ildefonsoespinosa.com\/#\/schema\/logo\/image\/"}}]}},"_links":{"self":[{"href":"https:\/\/www.ildefonsoespinosa.com\/fr\/wp-json\/wp\/v2\/product\/1574","targetHints":{"allow":["GET"]}}],"collection":[{"href":"https:\/\/www.ildefonsoespinosa.com\/fr\/wp-json\/wp\/v2\/product"}],"about":[{"href":"https:\/\/www.ildefonsoespinosa.com\/fr\/wp-json\/wp\/v2\/types\/product"}],"replies":[{"embeddable":true,"href":"https:\/\/www.ildefonsoespinosa.com\/fr\/wp-json\/wp\/v2\/comments?post=1574"}],"wp:featuredmedia":[{"embeddable":true,"href":"https:\/\/www.ildefonsoespinosa.com\/fr\/wp-json\/wp\/v2\/media\/3333"}],"wp:attachment":[{"href":"https:\/\/www.ildefonsoespinosa.com\/fr\/wp-json\/wp\/v2\/media?parent=1574"}],"wp:term":[{"taxonomy":"product_brand","embeddable":true,"href":"https:\/\/www.ildefonsoespinosa.com\/fr\/wp-json\/wp\/v2\/product_brand?post=1574"},{"taxonomy":"product_cat","embeddable":true,"href":"https:\/\/www.ildefonsoespinosa.com\/fr\/wp-json\/wp\/v2\/product_cat?post=1574"},{"taxonomy":"product_tag","embeddable":true,"href":"https:\/\/www.ildefonsoespinosa.com\/fr\/wp-json\/wp\/v2\/product_tag?post=1574"}],"curies":[{"name":"wp","href":"https:\/\/api.w.org\/{rel}","templated":true}]}}