{"id":1580,"date":"2023-05-16T10:16:25","date_gmt":"2023-05-16T08:16:25","guid":{"rendered":"https:\/\/www.ildefonsoespinosa.com\/?post_type=product&#038;p=1580"},"modified":"2025-10-21T10:55:02","modified_gmt":"2025-10-21T08:55:02","slug":"caja-6x500ml-aove-frantoio-temprano-24-25","status":"publish","type":"product","link":"https:\/\/www.ildefonsoespinosa.com\/fr\/tienda\/caja-6x500ml-aove-frantoio-temprano-24-25\/","title":{"rendered":"CAJA 6x500ML AOVE FRANTOIO TEMPRANO NUEVA COSECHA 25\/26"},"content":{"rendered":"<p><strong>NOTA DE CATA:<\/strong>\u00a0Es un aceite verde intenso. En boca entra con cuerpo, con un amargo de intensidad media, equilibrado con un picante que se queda de forma sutil. Un equilibrio perfecto que deja un retrogusto almendrado suave. En nariz al principio aparece papilla de fruta, pl\u00e1tano verde, y tonos de almendra verde, muy arm\u00f3nico, aroma suave a plantas arom\u00e1ticas con peque\u00f1as notas de an\u00eds e hinojo.<\/p>\n<p><strong>MARIDAJE:\u00a0<\/strong>Este AOVE, por sus notas almendradas, es perfecto para postres l\u00e1cteos, para mezclar con caramelo y chocolate, muy recomendado para sopas fr\u00edas como un ajo blanco y en carnes a la brasa y pescados al horno.<\/p>\n","protected":false},"excerpt":{"rendered":"<p>Caja con 6 botellas de 500 ml. de <strong>AOVE temprano<\/strong> \u00a0de la variedad <strong>Frantoio<\/strong>.<\/p>\n<p>Aceite elaborado a partir de aceituna temprana de la variedad\u00a0frantoio\u00a0procedente de una selecci\u00f3n de parajes y fincas singulares ubicados en las poblaciones de\u00a0Jabalquinto y Campillo del R\u00edo (Ja\u00e9n). La recolecci\u00f3n se efect\u00faa al amanecer durante el mes de octubre mediante t\u00e9cnicas totalmente artesanales.\u00a0Elaborado en fr\u00edo\u00a0y con todo nuestro esmero para ti.<\/p>\n<p><!-- wp:paragraph --><\/p>\n<p>Es un aceite muy fresco, en el que\u00a0se <strong>mezclan los aromas herbales con un ligero toque picante<\/strong>\u00a0que, sin duda, no deja indiferente.<\/p>\n<p><!-- \/wp:paragraph --><\/p>\n<p><!-- wp:paragraph --><\/p>\n<p>Presenta excelentes caracter\u00edsticas organol\u00e9pticas, destacando esta variedad por su gran estabilidad, una maduraci\u00f3n tard\u00eda y sus frutos son de peso y tama\u00f1o medios.<\/p>\n","protected":false},"featured_media":3343,"comment_status":"closed","ping_status":"closed","template":"","meta":{"_et_pb_use_builder":"","_et_pb_old_content":"","_et_gb_content_width":"","_joinchat":[]},"product_brand":[],"product_cat":[21,42],"product_tag":[],"class_list":{"0":"post-1580","1":"product","2":"type-product","3":"status-publish","4":"has-post-thumbnail","6":"product_cat-aove-no7-temprano","7":"product_cat-aove-temprano","9":"first","10":"instock","11":"taxable","12":"shipping-taxable","13":"purchasable","14":"product-type-simple"},"yoast_head":"<!-- This site is optimized with the Yoast SEO plugin v27.4 - https:\/\/yoast.com\/product\/yoast-seo-wordpress\/ -->\n<title>CAJA 6x500ML AOVE FRANTOIO TEMPRANO NUEVA COSECHA 25\/26 - Ildefonso Espinosa<\/title>\n<meta name=\"robots\" content=\"index, follow, max-snippet:-1, max-image-preview:large, max-video-preview:-1\" \/>\n<link rel=\"canonical\" href=\"https:\/\/www.ildefonsoespinosa.com\/tienda\/caja-6x500ml-aove-frantoio-temprano-24-25\/\" \/>\n<meta property=\"og:locale\" content=\"fr_FR\" \/>\n<meta property=\"og:type\" content=\"article\" \/>\n<meta property=\"og:title\" content=\"CAJA 6x500ML AOVE FRANTOIO TEMPRANO NUEVA COSECHA 25\/26 - Ildefonso Espinosa\" \/>\n<meta property=\"og:description\" content=\"Caja con 6 botellas de 500 ml. de AOVE temprano \u00a0de la variedad Frantoio.  Aceite elaborado a partir de aceituna temprana de la variedad\u00a0frantoio\u00a0procedente de una selecci\u00f3n de parajes y fincas singulares ubicados en las poblaciones de\u00a0Jabalquinto y Campillo del R\u00edo (Ja\u00e9n). La recolecci\u00f3n se efect\u00faa al amanecer durante el mes de octubre mediante t\u00e9cnicas totalmente artesanales.\u00a0Elaborado en fr\u00edo\u00a0y con todo nuestro esmero para ti.    Es un aceite muy fresco, en el que\u00a0se mezclan los aromas herbales con un ligero toque picante\u00a0que, sin duda, no deja indiferente.      Presenta excelentes caracter\u00edsticas organol\u00e9pticas, destacando esta variedad por su gran estabilidad, una maduraci\u00f3n tard\u00eda y sus frutos son de peso y tama\u00f1o medios.\" \/>\n<meta property=\"og:url\" content=\"https:\/\/www.ildefonsoespinosa.com\/tienda\/caja-6x500ml-aove-frantoio-temprano-24-25\/\" \/>\n<meta property=\"og:site_name\" content=\"Ildefonso Espinosa\" \/>\n<meta property=\"article:modified_time\" content=\"2025-10-21T08:55:02+00:00\" \/>\n<meta property=\"og:image\" content=\"https:\/\/www.ildefonsoespinosa.com\/wp-content\/uploads\/2023\/05\/Dorica-500-F-2526.png\" \/>\n\t<meta property=\"og:image:width\" content=\"1859\" \/>\n\t<meta property=\"og:image:height\" content=\"1858\" \/>\n\t<meta property=\"og:image:type\" content=\"image\/png\" \/>\n<meta name=\"twitter:card\" content=\"summary_large_image\" \/>\n<script type=\"application\/ld+json\" class=\"yoast-schema-graph\">{\"@context\":\"https:\\\/\\\/schema.org\",\"@graph\":[{\"@type\":\"WebPage\",\"@id\":\"https:\\\/\\\/www.ildefonsoespinosa.com\\\/tienda\\\/caja-6x500ml-aove-frantoio-temprano-24-25\\\/\",\"url\":\"https:\\\/\\\/www.ildefonsoespinosa.com\\\/tienda\\\/caja-6x500ml-aove-frantoio-temprano-24-25\\\/\",\"name\":\"CAJA 6x500ML AOVE FRANTOIO TEMPRANO NUEVA COSECHA 25\\\/26 - Ildefonso Espinosa\",\"isPartOf\":{\"@id\":\"https:\\\/\\\/www.ildefonsoespinosa.com\\\/#website\"},\"primaryImageOfPage\":{\"@id\":\"https:\\\/\\\/www.ildefonsoespinosa.com\\\/tienda\\\/caja-6x500ml-aove-frantoio-temprano-24-25\\\/#primaryimage\"},\"image\":{\"@id\":\"https:\\\/\\\/www.ildefonsoespinosa.com\\\/tienda\\\/caja-6x500ml-aove-frantoio-temprano-24-25\\\/#primaryimage\"},\"thumbnailUrl\":\"https:\\\/\\\/www.ildefonsoespinosa.com\\\/wp-content\\\/uploads\\\/2023\\\/05\\\/Dorica-500-F-2526.png\",\"datePublished\":\"2023-05-16T08:16:25+00:00\",\"dateModified\":\"2025-10-21T08:55:02+00:00\",\"breadcrumb\":{\"@id\":\"https:\\\/\\\/www.ildefonsoespinosa.com\\\/tienda\\\/caja-6x500ml-aove-frantoio-temprano-24-25\\\/#breadcrumb\"},\"inLanguage\":\"fr-FR\",\"potentialAction\":[{\"@type\":\"ReadAction\",\"target\":[\"https:\\\/\\\/www.ildefonsoespinosa.com\\\/tienda\\\/caja-6x500ml-aove-frantoio-temprano-24-25\\\/\"]}]},{\"@type\":\"ImageObject\",\"inLanguage\":\"fr-FR\",\"@id\":\"https:\\\/\\\/www.ildefonsoespinosa.com\\\/tienda\\\/caja-6x500ml-aove-frantoio-temprano-24-25\\\/#primaryimage\",\"url\":\"https:\\\/\\\/www.ildefonsoespinosa.com\\\/wp-content\\\/uploads\\\/2023\\\/05\\\/Dorica-500-F-2526.png\",\"contentUrl\":\"https:\\\/\\\/www.ildefonsoespinosa.com\\\/wp-content\\\/uploads\\\/2023\\\/05\\\/Dorica-500-F-2526.png\",\"width\":1859,\"height\":1858},{\"@type\":\"BreadcrumbList\",\"@id\":\"https:\\\/\\\/www.ildefonsoespinosa.com\\\/tienda\\\/caja-6x500ml-aove-frantoio-temprano-24-25\\\/#breadcrumb\",\"itemListElement\":[{\"@type\":\"ListItem\",\"position\":1,\"name\":\"Portada\",\"item\":\"https:\\\/\\\/www.ildefonsoespinosa.com\\\/fr\\\/\"},{\"@type\":\"ListItem\",\"position\":2,\"name\":\"Shop\",\"item\":\"https:\\\/\\\/www.ildefonsoespinosa.com\\\/fr\\\/boutique\\\/\"},{\"@type\":\"ListItem\",\"position\":3,\"name\":\"CAJA 6x500ML AOVE FRANTOIO TEMPRANO NUEVA COSECHA 25\\\/26\"}]},{\"@type\":\"WebSite\",\"@id\":\"https:\\\/\\\/www.ildefonsoespinosa.com\\\/#website\",\"url\":\"https:\\\/\\\/www.ildefonsoespinosa.com\\\/\",\"name\":\"Ildefonso Espinosa\",\"description\":\"Aceite genuino desde 1956\",\"publisher\":{\"@id\":\"https:\\\/\\\/www.ildefonsoespinosa.com\\\/#organization\"},\"potentialAction\":[{\"@type\":\"SearchAction\",\"target\":{\"@type\":\"EntryPoint\",\"urlTemplate\":\"https:\\\/\\\/www.ildefonsoespinosa.com\\\/?s={search_term_string}\"},\"query-input\":{\"@type\":\"PropertyValueSpecification\",\"valueRequired\":true,\"valueName\":\"search_term_string\"}}],\"inLanguage\":\"fr-FR\"},{\"@type\":\"Organization\",\"@id\":\"https:\\\/\\\/www.ildefonsoespinosa.com\\\/#organization\",\"name\":\"Ildefonso Espinosa\",\"url\":\"https:\\\/\\\/www.ildefonsoespinosa.com\\\/\",\"logo\":{\"@type\":\"ImageObject\",\"inLanguage\":\"fr-FR\",\"@id\":\"https:\\\/\\\/www.ildefonsoespinosa.com\\\/#\\\/schema\\\/logo\\\/image\\\/\",\"url\":\"https:\\\/\\\/www.ildefonsoespinosa.com\\\/wp-content\\\/uploads\\\/2023\\\/09\\\/cropped-Logo-vertical-sin-com-3.png\",\"contentUrl\":\"https:\\\/\\\/www.ildefonsoespinosa.com\\\/wp-content\\\/uploads\\\/2023\\\/09\\\/cropped-Logo-vertical-sin-com-3.png\",\"width\":212,\"height\":132,\"caption\":\"Ildefonso Espinosa\"},\"image\":{\"@id\":\"https:\\\/\\\/www.ildefonsoespinosa.com\\\/#\\\/schema\\\/logo\\\/image\\\/\"}}]}<\/script>\n<!-- \/ Yoast SEO plugin. -->","yoast_head_json":{"title":"CAJA 6x500ML AOVE FRANTOIO TEMPRANO NUEVA COSECHA 25\/26 - Ildefonso Espinosa","robots":{"index":"index","follow":"follow","max-snippet":"max-snippet:-1","max-image-preview":"max-image-preview:large","max-video-preview":"max-video-preview:-1"},"canonical":"https:\/\/www.ildefonsoespinosa.com\/tienda\/caja-6x500ml-aove-frantoio-temprano-24-25\/","og_locale":"fr_FR","og_type":"article","og_title":"CAJA 6x500ML AOVE FRANTOIO TEMPRANO NUEVA COSECHA 25\/26 - Ildefonso Espinosa","og_description":"Caja con 6 botellas de 500 ml. de AOVE temprano \u00a0de la variedad Frantoio.  Aceite elaborado a partir de aceituna temprana de la variedad\u00a0frantoio\u00a0procedente de una selecci\u00f3n de parajes y fincas singulares ubicados en las poblaciones de\u00a0Jabalquinto y Campillo del R\u00edo (Ja\u00e9n). La recolecci\u00f3n se efect\u00faa al amanecer durante el mes de octubre mediante t\u00e9cnicas totalmente artesanales.\u00a0Elaborado en fr\u00edo\u00a0y con todo nuestro esmero para ti.    Es un aceite muy fresco, en el que\u00a0se mezclan los aromas herbales con un ligero toque picante\u00a0que, sin duda, no deja indiferente.      Presenta excelentes caracter\u00edsticas organol\u00e9pticas, destacando esta variedad por su gran estabilidad, una maduraci\u00f3n tard\u00eda y sus frutos son de peso y tama\u00f1o medios.","og_url":"https:\/\/www.ildefonsoespinosa.com\/tienda\/caja-6x500ml-aove-frantoio-temprano-24-25\/","og_site_name":"Ildefonso Espinosa","article_modified_time":"2025-10-21T08:55:02+00:00","og_image":[{"width":1859,"height":1858,"url":"https:\/\/www.ildefonsoespinosa.com\/wp-content\/uploads\/2023\/05\/Dorica-500-F-2526.png","type":"image\/png"}],"twitter_card":"summary_large_image","schema":{"@context":"https:\/\/schema.org","@graph":[{"@type":"WebPage","@id":"https:\/\/www.ildefonsoespinosa.com\/tienda\/caja-6x500ml-aove-frantoio-temprano-24-25\/","url":"https:\/\/www.ildefonsoespinosa.com\/tienda\/caja-6x500ml-aove-frantoio-temprano-24-25\/","name":"CAJA 6x500ML AOVE FRANTOIO TEMPRANO NUEVA COSECHA 25\/26 - Ildefonso Espinosa","isPartOf":{"@id":"https:\/\/www.ildefonsoespinosa.com\/#website"},"primaryImageOfPage":{"@id":"https:\/\/www.ildefonsoespinosa.com\/tienda\/caja-6x500ml-aove-frantoio-temprano-24-25\/#primaryimage"},"image":{"@id":"https:\/\/www.ildefonsoespinosa.com\/tienda\/caja-6x500ml-aove-frantoio-temprano-24-25\/#primaryimage"},"thumbnailUrl":"https:\/\/www.ildefonsoespinosa.com\/wp-content\/uploads\/2023\/05\/Dorica-500-F-2526.png","datePublished":"2023-05-16T08:16:25+00:00","dateModified":"2025-10-21T08:55:02+00:00","breadcrumb":{"@id":"https:\/\/www.ildefonsoespinosa.com\/tienda\/caja-6x500ml-aove-frantoio-temprano-24-25\/#breadcrumb"},"inLanguage":"fr-FR","potentialAction":[{"@type":"ReadAction","target":["https:\/\/www.ildefonsoespinosa.com\/tienda\/caja-6x500ml-aove-frantoio-temprano-24-25\/"]}]},{"@type":"ImageObject","inLanguage":"fr-FR","@id":"https:\/\/www.ildefonsoespinosa.com\/tienda\/caja-6x500ml-aove-frantoio-temprano-24-25\/#primaryimage","url":"https:\/\/www.ildefonsoespinosa.com\/wp-content\/uploads\/2023\/05\/Dorica-500-F-2526.png","contentUrl":"https:\/\/www.ildefonsoespinosa.com\/wp-content\/uploads\/2023\/05\/Dorica-500-F-2526.png","width":1859,"height":1858},{"@type":"BreadcrumbList","@id":"https:\/\/www.ildefonsoespinosa.com\/tienda\/caja-6x500ml-aove-frantoio-temprano-24-25\/#breadcrumb","itemListElement":[{"@type":"ListItem","position":1,"name":"Portada","item":"https:\/\/www.ildefonsoespinosa.com\/fr\/"},{"@type":"ListItem","position":2,"name":"Shop","item":"https:\/\/www.ildefonsoespinosa.com\/fr\/boutique\/"},{"@type":"ListItem","position":3,"name":"CAJA 6x500ML AOVE FRANTOIO TEMPRANO NUEVA COSECHA 25\/26"}]},{"@type":"WebSite","@id":"https:\/\/www.ildefonsoespinosa.com\/#website","url":"https:\/\/www.ildefonsoespinosa.com\/","name":"Ildefonso Espinosa","description":"Aceite genuino desde 1956","publisher":{"@id":"https:\/\/www.ildefonsoespinosa.com\/#organization"},"potentialAction":[{"@type":"SearchAction","target":{"@type":"EntryPoint","urlTemplate":"https:\/\/www.ildefonsoespinosa.com\/?s={search_term_string}"},"query-input":{"@type":"PropertyValueSpecification","valueRequired":true,"valueName":"search_term_string"}}],"inLanguage":"fr-FR"},{"@type":"Organization","@id":"https:\/\/www.ildefonsoespinosa.com\/#organization","name":"Ildefonso Espinosa","url":"https:\/\/www.ildefonsoespinosa.com\/","logo":{"@type":"ImageObject","inLanguage":"fr-FR","@id":"https:\/\/www.ildefonsoespinosa.com\/#\/schema\/logo\/image\/","url":"https:\/\/www.ildefonsoespinosa.com\/wp-content\/uploads\/2023\/09\/cropped-Logo-vertical-sin-com-3.png","contentUrl":"https:\/\/www.ildefonsoespinosa.com\/wp-content\/uploads\/2023\/09\/cropped-Logo-vertical-sin-com-3.png","width":212,"height":132,"caption":"Ildefonso Espinosa"},"image":{"@id":"https:\/\/www.ildefonsoespinosa.com\/#\/schema\/logo\/image\/"}}]}},"_links":{"self":[{"href":"https:\/\/www.ildefonsoespinosa.com\/fr\/wp-json\/wp\/v2\/product\/1580","targetHints":{"allow":["GET"]}}],"collection":[{"href":"https:\/\/www.ildefonsoespinosa.com\/fr\/wp-json\/wp\/v2\/product"}],"about":[{"href":"https:\/\/www.ildefonsoespinosa.com\/fr\/wp-json\/wp\/v2\/types\/product"}],"replies":[{"embeddable":true,"href":"https:\/\/www.ildefonsoespinosa.com\/fr\/wp-json\/wp\/v2\/comments?post=1580"}],"wp:featuredmedia":[{"embeddable":true,"href":"https:\/\/www.ildefonsoespinosa.com\/fr\/wp-json\/wp\/v2\/media\/3343"}],"wp:attachment":[{"href":"https:\/\/www.ildefonsoespinosa.com\/fr\/wp-json\/wp\/v2\/media?parent=1580"}],"wp:term":[{"taxonomy":"product_brand","embeddable":true,"href":"https:\/\/www.ildefonsoespinosa.com\/fr\/wp-json\/wp\/v2\/product_brand?post=1580"},{"taxonomy":"product_cat","embeddable":true,"href":"https:\/\/www.ildefonsoespinosa.com\/fr\/wp-json\/wp\/v2\/product_cat?post=1580"},{"taxonomy":"product_tag","embeddable":true,"href":"https:\/\/www.ildefonsoespinosa.com\/fr\/wp-json\/wp\/v2\/product_tag?post=1580"}],"curies":[{"name":"wp","href":"https:\/\/api.w.org\/{rel}","templated":true}]}}