{"id":2716,"date":"2024-11-15T09:58:23","date_gmt":"2024-11-15T08:58:23","guid":{"rendered":"https:\/\/www.ildefonsoespinosa.com\/?post_type=product&#038;p=2716"},"modified":"2026-04-15T18:33:13","modified_gmt":"2026-04-15T16:33:13","slug":"caja-3x5l-aove-no3-envero-24-25","status":"publish","type":"product","link":"https:\/\/www.ildefonsoespinosa.com\/fr\/tienda\/caja-3x5l-aove-no3-envero-24-25\/","title":{"rendered":"CAJA 3x5L AOVE N\u00ba3 ENVERO 25\/26"},"content":{"rendered":"<p>Aceite elaborado a partir de aceituna picual en envero recolectada por una selecci\u00f3n de agricultores de forma artesanal durante el mes de noviembre. Elaborado en fr\u00edo y respetando nuestras m\u00e1s antiguas t\u00e9cnicas familiares.<\/p>\n<p>Para ser utilizado en crudo, guisos y frituras aportando ese punto de distinci\u00f3n de un magnifico aceite.<\/p>\n","protected":false},"excerpt":{"rendered":"<p>Caja con 3 garrafas PET de 5L. de <b>Aceite de Oliva Virgen Extra Envero.<\/b><\/p>\n<p>Equilibrado con aroma fresco y delicado. Sobresaliente.<\/p>\n<p>Aceite elaborado a partir de aceituna picual en envero recolectada por una selecci\u00f3n de agricultores de forma artesanal durante el mes de noviembre.<\/p>\n","protected":false},"featured_media":2845,"comment_status":"closed","ping_status":"closed","template":"","meta":{"_et_pb_use_builder":"","_et_pb_old_content":"","_et_gb_content_width":"","_joinchat":[]},"product_brand":[],"product_cat":[20],"product_tag":[49],"class_list":{"0":"post-2716","1":"product","2":"type-product","3":"status-publish","4":"has-post-thumbnail","6":"product_cat-aove-no3-envero","7":"product_tag-cosecha-2025-20256","9":"first","10":"instock","11":"taxable","12":"shipping-taxable","13":"purchasable","14":"product-type-simple"},"yoast_head":"<!-- This site is optimized with the Yoast SEO plugin v27.4 - https:\/\/yoast.com\/product\/yoast-seo-wordpress\/ -->\n<title>CAJA 3x5L AOVE N\u00ba3 ENVERO 25\/26 - Ildefonso Espinosa<\/title>\n<meta name=\"robots\" content=\"index, follow, max-snippet:-1, max-image-preview:large, max-video-preview:-1\" \/>\n<link rel=\"canonical\" href=\"https:\/\/www.ildefonsoespinosa.com\/tienda\/caja-3x5l-aove-no3-envero-24-25\/\" \/>\n<meta property=\"og:locale\" content=\"fr_FR\" \/>\n<meta property=\"og:type\" content=\"article\" \/>\n<meta property=\"og:title\" content=\"CAJA 3x5L AOVE N\u00ba3 ENVERO 25\/26 - Ildefonso Espinosa\" \/>\n<meta property=\"og:description\" content=\"Caja con 3 garrafas PET de 5L. de Aceite de Oliva Virgen Extra Envero.  Equilibrado con aroma fresco y delicado. Sobresaliente.  Aceite elaborado a partir de aceituna picual en envero recolectada por una selecci\u00f3n de agricultores de forma artesanal durante el mes de noviembre.\" \/>\n<meta property=\"og:url\" content=\"https:\/\/www.ildefonsoespinosa.com\/tienda\/caja-3x5l-aove-no3-envero-24-25\/\" \/>\n<meta property=\"og:site_name\" content=\"Ildefonso Espinosa\" \/>\n<meta property=\"article:modified_time\" content=\"2026-04-15T16:33:13+00:00\" \/>\n<meta property=\"og:image\" content=\"https:\/\/www.ildefonsoespinosa.com\/wp-content\/uploads\/2024\/11\/5-L-PET_N3_v2.jpg\" \/>\n\t<meta property=\"og:image:width\" content=\"1087\" \/>\n\t<meta property=\"og:image:height\" content=\"1087\" \/>\n\t<meta property=\"og:image:type\" content=\"image\/jpeg\" \/>\n<meta name=\"twitter:card\" content=\"summary_large_image\" \/>\n<script type=\"application\/ld+json\" class=\"yoast-schema-graph\">{\"@context\":\"https:\\\/\\\/schema.org\",\"@graph\":[{\"@type\":\"WebPage\",\"@id\":\"https:\\\/\\\/www.ildefonsoespinosa.com\\\/tienda\\\/caja-3x5l-aove-no3-envero-24-25\\\/\",\"url\":\"https:\\\/\\\/www.ildefonsoespinosa.com\\\/tienda\\\/caja-3x5l-aove-no3-envero-24-25\\\/\",\"name\":\"CAJA 3x5L AOVE N\u00ba3 ENVERO 25\\\/26 - Ildefonso Espinosa\",\"isPartOf\":{\"@id\":\"https:\\\/\\\/www.ildefonsoespinosa.com\\\/#website\"},\"primaryImageOfPage\":{\"@id\":\"https:\\\/\\\/www.ildefonsoespinosa.com\\\/tienda\\\/caja-3x5l-aove-no3-envero-24-25\\\/#primaryimage\"},\"image\":{\"@id\":\"https:\\\/\\\/www.ildefonsoespinosa.com\\\/tienda\\\/caja-3x5l-aove-no3-envero-24-25\\\/#primaryimage\"},\"thumbnailUrl\":\"https:\\\/\\\/www.ildefonsoespinosa.com\\\/wp-content\\\/uploads\\\/2024\\\/11\\\/5-L-PET_N3_v2.jpg\",\"datePublished\":\"2024-11-15T08:58:23+00:00\",\"dateModified\":\"2026-04-15T16:33:13+00:00\",\"breadcrumb\":{\"@id\":\"https:\\\/\\\/www.ildefonsoespinosa.com\\\/tienda\\\/caja-3x5l-aove-no3-envero-24-25\\\/#breadcrumb\"},\"inLanguage\":\"fr-FR\",\"potentialAction\":[{\"@type\":\"ReadAction\",\"target\":[\"https:\\\/\\\/www.ildefonsoespinosa.com\\\/tienda\\\/caja-3x5l-aove-no3-envero-24-25\\\/\"]}]},{\"@type\":\"ImageObject\",\"inLanguage\":\"fr-FR\",\"@id\":\"https:\\\/\\\/www.ildefonsoespinosa.com\\\/tienda\\\/caja-3x5l-aove-no3-envero-24-25\\\/#primaryimage\",\"url\":\"https:\\\/\\\/www.ildefonsoespinosa.com\\\/wp-content\\\/uploads\\\/2024\\\/11\\\/5-L-PET_N3_v2.jpg\",\"contentUrl\":\"https:\\\/\\\/www.ildefonsoespinosa.com\\\/wp-content\\\/uploads\\\/2024\\\/11\\\/5-L-PET_N3_v2.jpg\",\"width\":1087,\"height\":1087},{\"@type\":\"BreadcrumbList\",\"@id\":\"https:\\\/\\\/www.ildefonsoespinosa.com\\\/tienda\\\/caja-3x5l-aove-no3-envero-24-25\\\/#breadcrumb\",\"itemListElement\":[{\"@type\":\"ListItem\",\"position\":1,\"name\":\"Portada\",\"item\":\"https:\\\/\\\/www.ildefonsoespinosa.com\\\/fr\\\/\"},{\"@type\":\"ListItem\",\"position\":2,\"name\":\"Shop\",\"item\":\"https:\\\/\\\/www.ildefonsoespinosa.com\\\/fr\\\/boutique\\\/\"},{\"@type\":\"ListItem\",\"position\":3,\"name\":\"CAJA 3x5L AOVE N\u00ba3 ENVERO 25\\\/26\"}]},{\"@type\":\"WebSite\",\"@id\":\"https:\\\/\\\/www.ildefonsoespinosa.com\\\/#website\",\"url\":\"https:\\\/\\\/www.ildefonsoespinosa.com\\\/\",\"name\":\"Ildefonso Espinosa\",\"description\":\"Aceite genuino desde 1956\",\"publisher\":{\"@id\":\"https:\\\/\\\/www.ildefonsoespinosa.com\\\/#organization\"},\"potentialAction\":[{\"@type\":\"SearchAction\",\"target\":{\"@type\":\"EntryPoint\",\"urlTemplate\":\"https:\\\/\\\/www.ildefonsoespinosa.com\\\/?s={search_term_string}\"},\"query-input\":{\"@type\":\"PropertyValueSpecification\",\"valueRequired\":true,\"valueName\":\"search_term_string\"}}],\"inLanguage\":\"fr-FR\"},{\"@type\":\"Organization\",\"@id\":\"https:\\\/\\\/www.ildefonsoespinosa.com\\\/#organization\",\"name\":\"Ildefonso Espinosa\",\"url\":\"https:\\\/\\\/www.ildefonsoespinosa.com\\\/\",\"logo\":{\"@type\":\"ImageObject\",\"inLanguage\":\"fr-FR\",\"@id\":\"https:\\\/\\\/www.ildefonsoespinosa.com\\\/#\\\/schema\\\/logo\\\/image\\\/\",\"url\":\"https:\\\/\\\/www.ildefonsoespinosa.com\\\/wp-content\\\/uploads\\\/2023\\\/09\\\/cropped-Logo-vertical-sin-com-3.png\",\"contentUrl\":\"https:\\\/\\\/www.ildefonsoespinosa.com\\\/wp-content\\\/uploads\\\/2023\\\/09\\\/cropped-Logo-vertical-sin-com-3.png\",\"width\":212,\"height\":132,\"caption\":\"Ildefonso Espinosa\"},\"image\":{\"@id\":\"https:\\\/\\\/www.ildefonsoespinosa.com\\\/#\\\/schema\\\/logo\\\/image\\\/\"}}]}<\/script>\n<!-- \/ Yoast SEO plugin. -->","yoast_head_json":{"title":"CAJA 3x5L AOVE N\u00ba3 ENVERO 25\/26 - Ildefonso Espinosa","robots":{"index":"index","follow":"follow","max-snippet":"max-snippet:-1","max-image-preview":"max-image-preview:large","max-video-preview":"max-video-preview:-1"},"canonical":"https:\/\/www.ildefonsoespinosa.com\/tienda\/caja-3x5l-aove-no3-envero-24-25\/","og_locale":"fr_FR","og_type":"article","og_title":"CAJA 3x5L AOVE N\u00ba3 ENVERO 25\/26 - Ildefonso Espinosa","og_description":"Caja con 3 garrafas PET de 5L. de Aceite de Oliva Virgen Extra Envero.  Equilibrado con aroma fresco y delicado. Sobresaliente.  Aceite elaborado a partir de aceituna picual en envero recolectada por una selecci\u00f3n de agricultores de forma artesanal durante el mes de noviembre.","og_url":"https:\/\/www.ildefonsoespinosa.com\/tienda\/caja-3x5l-aove-no3-envero-24-25\/","og_site_name":"Ildefonso Espinosa","article_modified_time":"2026-04-15T16:33:13+00:00","og_image":[{"width":1087,"height":1087,"url":"https:\/\/www.ildefonsoespinosa.com\/wp-content\/uploads\/2024\/11\/5-L-PET_N3_v2.jpg","type":"image\/jpeg"}],"twitter_card":"summary_large_image","schema":{"@context":"https:\/\/schema.org","@graph":[{"@type":"WebPage","@id":"https:\/\/www.ildefonsoespinosa.com\/tienda\/caja-3x5l-aove-no3-envero-24-25\/","url":"https:\/\/www.ildefonsoespinosa.com\/tienda\/caja-3x5l-aove-no3-envero-24-25\/","name":"CAJA 3x5L AOVE N\u00ba3 ENVERO 25\/26 - Ildefonso Espinosa","isPartOf":{"@id":"https:\/\/www.ildefonsoespinosa.com\/#website"},"primaryImageOfPage":{"@id":"https:\/\/www.ildefonsoespinosa.com\/tienda\/caja-3x5l-aove-no3-envero-24-25\/#primaryimage"},"image":{"@id":"https:\/\/www.ildefonsoespinosa.com\/tienda\/caja-3x5l-aove-no3-envero-24-25\/#primaryimage"},"thumbnailUrl":"https:\/\/www.ildefonsoespinosa.com\/wp-content\/uploads\/2024\/11\/5-L-PET_N3_v2.jpg","datePublished":"2024-11-15T08:58:23+00:00","dateModified":"2026-04-15T16:33:13+00:00","breadcrumb":{"@id":"https:\/\/www.ildefonsoespinosa.com\/tienda\/caja-3x5l-aove-no3-envero-24-25\/#breadcrumb"},"inLanguage":"fr-FR","potentialAction":[{"@type":"ReadAction","target":["https:\/\/www.ildefonsoespinosa.com\/tienda\/caja-3x5l-aove-no3-envero-24-25\/"]}]},{"@type":"ImageObject","inLanguage":"fr-FR","@id":"https:\/\/www.ildefonsoespinosa.com\/tienda\/caja-3x5l-aove-no3-envero-24-25\/#primaryimage","url":"https:\/\/www.ildefonsoespinosa.com\/wp-content\/uploads\/2024\/11\/5-L-PET_N3_v2.jpg","contentUrl":"https:\/\/www.ildefonsoespinosa.com\/wp-content\/uploads\/2024\/11\/5-L-PET_N3_v2.jpg","width":1087,"height":1087},{"@type":"BreadcrumbList","@id":"https:\/\/www.ildefonsoespinosa.com\/tienda\/caja-3x5l-aove-no3-envero-24-25\/#breadcrumb","itemListElement":[{"@type":"ListItem","position":1,"name":"Portada","item":"https:\/\/www.ildefonsoespinosa.com\/fr\/"},{"@type":"ListItem","position":2,"name":"Shop","item":"https:\/\/www.ildefonsoespinosa.com\/fr\/boutique\/"},{"@type":"ListItem","position":3,"name":"CAJA 3x5L AOVE N\u00ba3 ENVERO 25\/26"}]},{"@type":"WebSite","@id":"https:\/\/www.ildefonsoespinosa.com\/#website","url":"https:\/\/www.ildefonsoespinosa.com\/","name":"Ildefonso Espinosa","description":"Aceite genuino desde 1956","publisher":{"@id":"https:\/\/www.ildefonsoespinosa.com\/#organization"},"potentialAction":[{"@type":"SearchAction","target":{"@type":"EntryPoint","urlTemplate":"https:\/\/www.ildefonsoespinosa.com\/?s={search_term_string}"},"query-input":{"@type":"PropertyValueSpecification","valueRequired":true,"valueName":"search_term_string"}}],"inLanguage":"fr-FR"},{"@type":"Organization","@id":"https:\/\/www.ildefonsoespinosa.com\/#organization","name":"Ildefonso Espinosa","url":"https:\/\/www.ildefonsoespinosa.com\/","logo":{"@type":"ImageObject","inLanguage":"fr-FR","@id":"https:\/\/www.ildefonsoespinosa.com\/#\/schema\/logo\/image\/","url":"https:\/\/www.ildefonsoespinosa.com\/wp-content\/uploads\/2023\/09\/cropped-Logo-vertical-sin-com-3.png","contentUrl":"https:\/\/www.ildefonsoespinosa.com\/wp-content\/uploads\/2023\/09\/cropped-Logo-vertical-sin-com-3.png","width":212,"height":132,"caption":"Ildefonso Espinosa"},"image":{"@id":"https:\/\/www.ildefonsoespinosa.com\/#\/schema\/logo\/image\/"}}]}},"_links":{"self":[{"href":"https:\/\/www.ildefonsoespinosa.com\/fr\/wp-json\/wp\/v2\/product\/2716","targetHints":{"allow":["GET"]}}],"collection":[{"href":"https:\/\/www.ildefonsoespinosa.com\/fr\/wp-json\/wp\/v2\/product"}],"about":[{"href":"https:\/\/www.ildefonsoespinosa.com\/fr\/wp-json\/wp\/v2\/types\/product"}],"replies":[{"embeddable":true,"href":"https:\/\/www.ildefonsoespinosa.com\/fr\/wp-json\/wp\/v2\/comments?post=2716"}],"wp:featuredmedia":[{"embeddable":true,"href":"https:\/\/www.ildefonsoespinosa.com\/fr\/wp-json\/wp\/v2\/media\/2845"}],"wp:attachment":[{"href":"https:\/\/www.ildefonsoespinosa.com\/fr\/wp-json\/wp\/v2\/media?parent=2716"}],"wp:term":[{"taxonomy":"product_brand","embeddable":true,"href":"https:\/\/www.ildefonsoespinosa.com\/fr\/wp-json\/wp\/v2\/product_brand?post=2716"},{"taxonomy":"product_cat","embeddable":true,"href":"https:\/\/www.ildefonsoespinosa.com\/fr\/wp-json\/wp\/v2\/product_cat?post=2716"},{"taxonomy":"product_tag","embeddable":true,"href":"https:\/\/www.ildefonsoespinosa.com\/fr\/wp-json\/wp\/v2\/product_tag?post=2716"}],"curies":[{"name":"wp","href":"https:\/\/api.w.org\/{rel}","templated":true}]}}